{"id":68,"date":"2019-04-01T04:26:25","date_gmt":"2019-04-01T04:26:25","guid":{"rendered":"http:\/\/www.telydata.ec\/?page_id=68"},"modified":"2019-04-27T23:57:22","modified_gmt":"2019-04-27T23:57:22","slug":"terminos-y-condiciones","status":"publish","type":"page","link":"http:\/\/www.telydata.ec\/?page_id=68","title":{"rendered":"T\u00e9rminos y Condiciones"},"content":{"rendered":"<p>[et_pb_section fb_built=&#8221;1&#8243; _builder_version=&#8221;3.22.5&#8243;][et_pb_row _builder_version=&#8221;3.22.5&#8243;][et_pb_column type=&#8221;4_4&#8243; _builder_version=&#8221;3.22.5&#8243;][et_pb_text _builder_version=&#8221;3.21.1&#8243; text_font=&#8221;||||||||&#8221; header_font=&#8221;Prompt||||||||&#8221; header_font_size=&#8221;42px&#8221; border_width_top=&#8221;2px&#8221; border_color_top=&#8221;#125f9e&#8221; border_width_bottom=&#8221;2px&#8221; border_color_bottom=&#8221;#125f9e&#8221; max_width=&#8221;70%&#8221; module_alignment=&#8221;left&#8221; custom_padding=&#8221;0px||0px||true&#8221;]<\/p>\n<h1>T\u00e9rminos y condiciones<\/h1>\n<p>[\/et_pb_text][et_pb_text _builder_version=&#8221;3.22.5&#8243;]<\/p>\n<p>Le agradecemos por ingresar y por consultar nuestro sitio Web (en adelante el \u201csitio Web\u201d). Le damos la bienvenida, por favor lea el siguiente documento titulado los \u201cT\u00e9rminos de Uso\u201d (en adelante los \u201cT\u00e9rminos\u201d):<\/p>\n<p>Nuestro sitio Web es operado por TELYDATA C\u00cdA LTDA. Al hacer uso de este sitio Web, usted (en adelante el \u201cUsuario\u201d), manifiesta y declara estar de acuerdo y aceptar los T\u00e9rminos, bajo los cuales TELYDATA C\u00cdA LTDA le otorga acceso.<\/p>\n<p>TELYDATA C\u00cdA LTDA se reserva el derecho de modificar los T\u00e9rminos en el momento que lo considere necesario, seg\u00fan la normativa legal aplicable. Por esta raz\u00f3n, el Usuario si decide no aceptar los T\u00e9rminos, no puede hacer uso de este sitio Web.<\/p>\n<p>TELYDATA C\u00cdA LTDA se compromete a no emplear su nombre y\/o datos personales sin su autorizaci\u00f3n, recolectados en el formulario de Contacto o por el uso de nuestro sitio Web, para acciones comerciales. As\u00ed mismo, TELYDATA C\u00cdA LTDA, no se hace responsable por las dificultades presentadas durante la navegaci\u00f3n del Usuario o por fallas t\u00e9cnicas durante la consulta y\/o acceso a nuestro portal.<\/p>\n<p><strong>DERECHOS DE AUTOR<\/strong><br \/> Conforme con la LEY DE PROPIEDAD INTELECTUAL, Registro Oficial No. 320, de Ecuador, los elementos que componen nuestro sitio Web son propiedad exclusiva de TELYDATA C\u00cdA LTDA: los gr\u00e1ficos, las fotograf\u00edas, los elementos de expresi\u00f3n literaria y art\u00edstica. En consecuencia, est\u00e1 estrictamente prohibido de conformidad con la LEY DE PROPIEDAD INTELECTUAL, la reproducci\u00f3n de cualquier elemento mencionado en los T\u00e9rminos.<\/p>\n<p><strong>CONFIABILIDAD<\/strong><br \/> TELYDATA C\u00cdA LTDA se ha esforzado por asegurar la exactitud de la informaci\u00f3n que se suministra en este sitio Web, sin embargo, no garantiza la integridad de cualquier material disponible, el cual puede ser modificado sin previo aviso. De la misma manera, TELYDATA C\u00cdA LTDA podr\u00e1 eliminar cualquier punto anunciado en los T\u00e9rminos, realizando una acci\u00f3n de nueva publicaci\u00f3n.<\/p>\n<p><strong>VINCULOS AL SITIO WEB<\/strong><br \/> Las p\u00e1ginas de redes sociales -o cualquier v\u00ednculo incluido en nuestro sitio Web-han sido revisadas para efectos informativos, por tanto, TELYDATA C\u00cdA LTDA no se hace responsable de su operaci\u00f3n, as\u00ed como de cualquier p\u00e9rdida, infracci\u00f3n o situaci\u00f3n similar que ocurra en otros portales. TELYDATA C\u00cdA LTDA no se hace responsable por el uso de dichos sitios Web por parte del Usuario o de las acciones que \u00e9ste realice durante su uso.<\/p>\n<p><strong>PROPIEDAD INTELECTUAL<\/strong><br \/> Nuestro sitio Web presenta informaci\u00f3n de texto, contenido, software, gr\u00e1ficos, fotograf\u00edas, ilustraciones, arte, nombres, logos y dem\u00e1s material literario (en adelante el \u201cContenido\u201d) protegido por derechos de autor y\/o otros derechos de propiedad. El Contenido es administrado por TELYDATA C\u00cdA LTDA, as\u00ed como las fotograf\u00edas sustra\u00eddas por terceros, el cual ha sido aprobado y con licencia a favor de TELYDATA C\u00cdA LTDA. Todos los art\u00edculos y gr\u00e1ficos han sido dise\u00f1ados y creados por nuestra compa\u00f1\u00eda y son obras protegidas bajo derechos de autor\u00eda. El Usuario acepta, en consecuencia, cumplir con los requerimientos de la LEY DE PROPIEDAD INTELECTUAL, Registro Oficial No. 320, de Ecuador.<\/p>\n<p>El Usuario no cuenta con ninguna licencia ni ning\u00fan derecho de propiedad intelectual para hacer uso o reproducir el Contenido para fines personales o comerciales. Por esto, el Usuario no puede hacer uso del Contenido presentado en nuestro sitio Web, sin el consentimiento previo y por escrito de TELYDATA C\u00cdA LTDA. El Usuario reconoce que no posee ning\u00fan derecho de propiedad intelectual correspondiente al Contenido y debe notificar a TELYDATA C\u00cdA LTDA en caso de querer hacer uso de cualquiera de sus elementos.<\/p>\n<p><strong>DERECHO DE DESCARGA Y OTORGAMIENTO DE LICENCIA<\/strong><br \/> El Usuario no cuenta con ning\u00fan derecho para descargar el Contenido presentado en nuestro sitio Web y su uso se restringe a los puntos mencionados en los T\u00e9rminos. El Usuario no tiene autorizaci\u00f3n para copiar, reproducir, recompilar, alterar, distribuir, publicar, modificar o subir en otros sitios Web, incluso crear trabajos derivados, sin la previa autorizaci\u00f3n de TELYDATA C\u00cdA LTDA. Las siguientes son las condiciones en que el Usuario podr\u00e1 descargar archivos de nuestro portal: (i) el Usuario puede realizar una copia impresa o digital del Contenido. (ii) el Usuario hace exclusivamente uso personal, no comercial, del Contenido, citando nuestro sitio Web o haciendo referencia al mismo. (iii) el Usuario conserva la descarga del Contenido y se rige por la LEY DE PROPIEDAD INTELECTUAL, Registro Oficial No. 320, de Ecuador. El Usuario no puede vender, distribuir o conformar una base de datos con el Contenido suministrado en nuestro sitio Web, incluyendo su comercializaci\u00f3n en redes sociales. Est\u00e1 prohibido emplear el Contenido para el suministro de \u00e9ste a terceros y su reproducci\u00f3n en otros portales.<\/p>\n<p><strong>PERMISOS<\/strong><br \/> TELYDATA C\u00cdA LTDA se reserva el derecho de aceptar la publicaci\u00f3n del Contenido por parte del Usuario. Si desea recibir informaci\u00f3n o tramitar un permiso espec\u00edfico, por favor escriba su solicitud al correo electr\u00f3nico comunicaciones@telydata.ec.<\/p>\n<p><strong>RESPONSABILIDAD DEL USUARIO<\/strong><br \/> El usuario reconoce que el uso de este sitio Web y de su contenido es bajo su propio riesgo, y al acceder acepta expresamente los T\u00e9rminos. Bajo ninguna circunstancia, TELYDATA C\u00cdA LTDA tendr\u00e1 responsabilidad tras su uso o da\u00f1o ocasionado a terceros. TELYDATA C\u00cdA LTDA se compromete a cumplir con la legislaci\u00f3n ecuatoriana vigente, los reclamos exigidos, o por Usuarios terceros, son a discreci\u00f3n de sus titulares.<\/p>\n<p><strong>CAMBIOS AL SITIO WEB<\/strong><br \/> El Usuario acepta expresamente que TELYDATA C\u00cdA LTDA tiene derecho de cambiar o modificar el Contenido siempre que lo considere necesario. El Usuario entiende, adem\u00e1s, que dichos cambios pueden llegar a ocasionar no acceder a este sitio Web.<\/p>\n<p><strong>JURIDISCCI\u00d3N<\/strong><br \/> Los T\u00e9rminos est\u00e1n regidos por la Ley de Propiedad Intelectual de Quito, No. 426, renunciando as\u00ed a cualquier otra jurisdicci\u00f3n o acci\u00f3n relacionada con estos T\u00e9rminos presentada fuera de la ciudad de Quito.<\/p>\n<p><strong>ACEPTACI\u00d3N<\/strong><br \/> El Usuario manifiesta libremente haber le\u00eddo este documento en su totalidad, y manifiesta su absoluto conocimiento y conformidad con los T\u00e9rminos descritos.<\/p>\n<p>[\/et_pb_text][\/et_pb_column][\/et_pb_row][\/et_pb_section][et_pb_section fb_built=&#8221;1&#8243; _builder_version=&#8221;3.19.18&#8243; background_color=&#8221;#125f9e&#8221; global_module=&#8221;176&#8243; saved_tabs=&#8221;all&#8221;][et_pb_row use_custom_gutter=&#8221;on&#8221; gutter_width=&#8221;1&#8243; make_equal=&#8221;on&#8221; _builder_version=&#8221;3.22.3&#8243; width=&#8221;90%&#8221; max_width=&#8221;90%&#8221; use_custom_width=&#8221;on&#8221; width_unit=&#8221;off&#8221; custom_width_percent=&#8221;90%&#8221;][et_pb_column type=&#8221;1_5&#8243; _builder_version=&#8221;3.19.18&#8243;][dsm_menu title=&#8221;NOSOTROS&#8221; menu_id=&#8221;3&#8243; menu_link_text_color=&#8221;#ffffff&#8221; list_style_type=&#8221;none&#8221; _builder_version=&#8221;3.21.1&#8243; header_font=&#8221;Prompt|200|||||||&#8221; menu_font=&#8221;||||||||&#8221; background_layout=&#8221;dark&#8221;][\/dsm_menu][\/et_pb_column][et_pb_column type=&#8221;1_5&#8243; _builder_version=&#8221;3.19.18&#8243;][dsm_menu title=&#8221;INTERNET&#8221; menu_id=&#8221;4&#8243; menu_link_text_color=&#8221;#ffffff&#8221; list_style_type=&#8221;none&#8221; _builder_version=&#8221;3.21.1&#8243; header_font=&#8221;Prompt|200|||||||&#8221; menu_font=&#8221;||||||||&#8221; background_layout=&#8221;dark&#8221;][\/dsm_menu][\/et_pb_column][et_pb_column type=&#8221;1_5&#8243; _builder_version=&#8221;3.19.18&#8243;][dsm_menu title=&#8221;SERVICIOS DE TELECOMUNICACIONES&#8221; menu_id=&#8221;5&#8243; menu_link_text_color=&#8221;#ffffff&#8221; list_style_type=&#8221;none&#8221; _builder_version=&#8221;3.21.1&#8243; header_font=&#8221;Prompt|200|||||||&#8221; menu_font=&#8221;||||||||&#8221; background_layout=&#8221;dark&#8221;][\/dsm_menu][\/et_pb_column][et_pb_column type=&#8221;1_5&#8243; _builder_version=&#8221;3.19.18&#8243;][dsm_menu title=&#8221;HERRAMIENTAS&#8221; menu_id=&#8221;6&#8243; menu_link_text_color=&#8221;#ffffff&#8221; list_style_type=&#8221;none&#8221; _builder_version=&#8221;3.21.1&#8243; header_font=&#8221;Prompt|200|||||||&#8221; menu_font=&#8221;||||||||&#8221; background_layout=&#8221;dark&#8221;][\/dsm_menu][\/et_pb_column][et_pb_column type=&#8221;1_5&#8243; _builder_version=&#8221;3.19.18&#8243;][dsm_menu title=&#8221;CONTACTOS&#8221; menu_id=&#8221;8&#8243; menu_link_text_color=&#8221;#ffffff&#8221; list_style_type=&#8221;none&#8221; _builder_version=&#8221;3.21.1&#8243; header_font=&#8221;Prompt|200|||||||&#8221; menu_font=&#8221;||||||||&#8221; background_layout=&#8221;dark&#8221;][\/dsm_menu][et_pb_image src=&#8221;http:\/\/www.telydata.ec\/wp-content\/uploads\/2019\/04\/arcotel_logo_bkg.png&#8221; _builder_version=&#8221;3.21.1&#8243; custom_margin=&#8221;||10px&#8221;][\/et_pb_image][et_pb_text _builder_version=&#8221;3.21.1&#8243; text_font=&#8221;||||||||&#8221; header_font=&#8221;||||||||&#8221; header_5_font=&#8221;Prompt|200|||||||&#8221; header_5_font_size=&#8221;14px&#8221; background_layout=&#8221;dark&#8221; custom_margin=&#8221;||10px&#8221; link_option_url=&#8221;\/wp-content\/uploads\/2019\/04\/Reglamento_norma_sva.pdf&#8221; link_option_url_new_window=&#8221;on&#8221;]<\/p>\n<h5>> Reglamento de normas SVA<\/h5>\n<p>[\/et_pb_text][et_pb_text _builder_version=&#8221;3.21.1&#8243; text_font=&#8221;||||||||&#8221; header_font=&#8221;||||||||&#8221; header_5_font=&#8221;Prompt|200|||||||&#8221; header_5_font_size=&#8221;14px&#8221; background_layout=&#8221;dark&#8221; custom_margin=&#8221;||10px&#8221; link_option_url=&#8221;\/wp-content\/uploads\/2019\/04\/Reglamento_abonados.pdf&#8221; link_option_url_new_window=&#8221;on&#8221;]<\/p>\n<h5>&gt; Reglamento de Abonados<\/h5>\n<p>[\/et_pb_text][et_pb_text _builder_version=&#8221;3.21.1&#8243; text_font=&#8221;||||||||&#8221; header_font=&#8221;||||||||&#8221; header_5_font=&#8221;Prompt|200|||||||&#8221; header_5_font_size=&#8221;14px&#8221; background_layout=&#8221;dark&#8221; custom_margin=&#8221;||10px&#8221; link_option_url=&#8221;\/wp-content\/uploads\/2019\/04\/Ley-Org\u00e1nica-de-Telecomunicaciones.pdf&#8221; link_option_url_new_window=&#8221;on&#8221;]<\/p>\n<h5>&gt; Ley de Telecomunicaciones<\/h5>\n<p>[\/et_pb_text][\/et_pb_column][\/et_pb_row][\/et_pb_section][et_pb_section fb_built=&#8221;1&#8243; _builder_version=&#8221;3.19.18&#8243; background_color=&#8221;#125f9e&#8221; border_width_top=&#8221;8px&#8221; border_color_top=&#8221;#ffffff&#8221; custom_padding=&#8221;0|0px|0|0px|false|false&#8221; global_module=&#8221;178&#8243; saved_tabs=&#8221;all&#8221;][et_pb_row use_custom_gutter=&#8221;on&#8221; gutter_width=&#8221;1&#8243; _builder_version=&#8221;3.22.3&#8243;][et_pb_column type=&#8221;3_5&#8243; _builder_version=&#8221;3.19.18&#8243;][et_pb_blurb use_icon=&#8221;on&#8221; font_icon=&#8221;%%236%%&#8221; icon_color=&#8221;#ffffff&#8221; icon_placement=&#8221;left&#8221; use_icon_font_size=&#8221;on&#8221; icon_font_size=&#8221;32px&#8221; _builder_version=&#8221;3.19.18&#8243; background_layout=&#8221;dark&#8221;]<\/p>\n<p><span class=\"fontstyle0\">Jos\u00e9 Arizaga E3-37 y Jorge Drom. Edificio Aristo Plaza. Piso 5, Oficina 51<br \/>Quito.<br \/><\/span><span class=\"fontstyle0\">Samanes 6, Manzana 944, Casa 34<br \/>Guayaquil, Ecuador<\/span> <\/p>\n<p>[\/et_pb_blurb][et_pb_blurb use_icon=&#8221;on&#8221; font_icon=&#8221;%%264%%&#8221; icon_color=&#8221;#ffffff&#8221; icon_placement=&#8221;left&#8221; use_icon_font_size=&#8221;on&#8221; icon_font_size=&#8221;32px&#8221; _builder_version=&#8221;3.19.18&#8243; background_layout=&#8221;dark&#8221;]<\/p>\n<p><span class=\"fontstyle0\">(593) 2 2456768 &#8211; (593) 99 833 6171<\/span> <\/p>\n<p>[\/et_pb_blurb][\/et_pb_column][et_pb_column type=&#8221;1_5&#8243; _builder_version=&#8221;3.19.18&#8243;][et_pb_text _builder_version=&#8221;3.21.1&#8243; text_font=&#8221;||||||||&#8221; background_layout=&#8221;dark&#8221; custom_margin=&#8221;3em||1em&#8221; link_option_url=&#8221;\/terminos-y-condiciones\/&#8221;]<\/p>\n<h5>T\u00e9rminos de uso<\/h5>\n<p>[\/et_pb_text][\/et_pb_column][et_pb_column type=&#8221;1_5&#8243; _builder_version=&#8221;3.19.18&#8243;][et_pb_text _builder_version=&#8221;3.21.1&#8243; text_font=&#8221;||||||||&#8221; background_layout=&#8221;dark&#8221; custom_margin=&#8221;3em||1em&#8221; link_option_url=&#8221;\/politica-de-privacidad\/&#8221;]<\/p>\n<h5>Pol\u00edtica de privacidad<\/h5>\n<p>[\/et_pb_text][\/et_pb_column][\/et_pb_row][\/et_pb_section]<\/p>\n","protected":false},"excerpt":{"rendered":"<p>[et_pb_section fb_built=&#8221;1&#8243; _builder_version=&#8221;3.22.5&#8243;][et_pb_row _builder_version=&#8221;3.22.5&#8243;][et_pb_column type=&#8221;4_4&#8243; _builder_version=&#8221;3.22.5&#8243;][et_pb_text _builder_version=&#8221;3.21.1&#8243; text_font=&#8221;||||||||&#8221; header_font=&#8221;Prompt||||||||&#8221; header_font_size=&#8221;42px&#8221; border_width_top=&#8221;2px&#8221; border_color_top=&#8221;#125f9e&#8221; border_width_bottom=&#8221;2px&#8221; border_color_bottom=&#8221;#125f9e&#8221; max_width=&#8221;70%&#8221; module_alignment=&#8221;left&#8221; custom_padding=&#8221;0px||0px||true&#8221;] T\u00e9rminos y condiciones [\/et_pb_text][et_pb_text _builder_version=&#8221;3.22.5&#8243;] Le agradecemos por ingresar y por consultar nuestro sitio Web (en adelante el \u201csitio Web\u201d). Le damos la bienvenida, por favor lea el siguiente documento titulado los \u201cT\u00e9rminos de Uso\u201d (en adelante los [&hellip;]<\/p>\n","protected":false},"author":1,"featured_media":0,"parent":0,"menu_order":0,"comment_status":"closed","ping_status":"closed","template":"","meta":{"_et_pb_use_builder":"on","_et_pb_old_content":"<!-- wp:divi\/placeholder \/-->","_et_gb_content_width":""},"_links":{"self":[{"href":"http:\/\/www.telydata.ec\/index.php?rest_route=\/wp\/v2\/pages\/68"}],"collection":[{"href":"http:\/\/www.telydata.ec\/index.php?rest_route=\/wp\/v2\/pages"}],"about":[{"href":"http:\/\/www.telydata.ec\/index.php?rest_route=\/wp\/v2\/types\/page"}],"author":[{"embeddable":true,"href":"http:\/\/www.telydata.ec\/index.php?rest_route=\/wp\/v2\/users\/1"}],"replies":[{"embeddable":true,"href":"http:\/\/www.telydata.ec\/index.php?rest_route=%2Fwp%2Fv2%2Fcomments&post=68"}],"version-history":[{"count":4,"href":"http:\/\/www.telydata.ec\/index.php?rest_route=\/wp\/v2\/pages\/68\/revisions"}],"predecessor-version":[{"id":432,"href":"http:\/\/www.telydata.ec\/index.php?rest_route=\/wp\/v2\/pages\/68\/revisions\/432"}],"wp:attachment":[{"href":"http:\/\/www.telydata.ec\/index.php?rest_route=%2Fwp%2Fv2%2Fmedia&parent=68"}],"curies":[{"name":"wp","href":"https:\/\/api.w.org\/{rel}","templated":true}]}}