{"id":66,"date":"2019-04-01T04:24:49","date_gmt":"2019-04-01T04:24:49","guid":{"rendered":"http:\/\/www.telydata.ec\/?page_id=66"},"modified":"2019-06-11T11:31:40","modified_gmt":"2019-06-11T16:31:40","slug":"contacto","status":"publish","type":"page","link":"http:\/\/www.telydata.ec\/?page_id=66","title":{"rendered":"Contacto"},"content":{"rendered":"<p>[et_pb_section fb_built=&#8221;1&#8243; fullwidth=&#8221;on&#8221; _builder_version=&#8221;3.22.3&#8243; background_position=&#8221;top_center&#8221;][et_pb_fullwidth_slider show_pagination=&#8221;off&#8221; module_class=&#8221;top_slide&#8221; _builder_version=&#8221;3.22.5&#8243; header_font=&#8221;||||||||&#8221; body_font=&#8221;||||||||&#8221; custom_button=&#8221;on&#8221; button_text_color=&#8221;#891333&#8243; button_bg_color=&#8221;rgba(255,255,255,0.9)&#8221; button_font=&#8221;|700|||||||&#8221;][et_pb_slide heading=&#8221; &#8221; button_text=&#8221;Ver m\u00e1s&#8221; use_bg_overlay=&#8221;on&#8221; use_text_overlay=&#8221;on&#8221; text_overlay_color=&#8221;rgba(137,19,51,0.8)&#8221; _builder_version=&#8221;3.22.5&#8243; header_font=&#8221;Prompt|200|||||||solid&#8221; header_font_size=&#8221;30px&#8221; header_letter_spacing=&#8221;1px&#8221; body_font=&#8221;Prompt|100|||||||&#8221; body_text_color=&#8221;#efefef&#8221; body_font_size=&#8221;18px&#8221; background_color=&#8221;rgba(255,255,255,0)&#8221; background_image=&#8221;http:\/\/www.telydata.ec\/wp-content\/uploads\/2019\/05\/s1.jpg&#8221; parallax=&#8221;on&#8221; parallax_method=&#8221;off&#8221; custom_css_slide_title=&#8221;border-bottom:1px solid;||max-width:60%;||margin: 0px auto 10px auto;||&#8221; custom_css_slide_button=&#8221;visibility:hidden;&#8221;]Mantenemos nuestra posici\u00f3n de liderazgo frente al desarrollo de capacidades estrat\u00e9gicas entre los<br \/>\noperadores de telecomunicaciones y de sus clientes.<br \/>\nRepresentamos solidez, trayectoria y experiencia.[\/et_pb_slide][\/et_pb_fullwidth_slider][\/et_pb_section][et_pb_section fb_built=&#8221;1&#8243; _builder_version=&#8221;3.22.3&#8243; custom_padding=&#8221;52.4375px|0px|30px|0px|false|false&#8221;][et_pb_row custom_padding=&#8221;0|0px|0|0px|false|false&#8221; _builder_version=&#8221;3.22.3&#8243;][et_pb_column type=&#8221;2_5&#8243; _builder_version=&#8221;3.21.1&#8243;][et_pb_text _builder_version=&#8221;3.21.1&#8243; text_font=&#8221;||||||||&#8221; header_font=&#8221;Prompt||||||||&#8221; header_font_size=&#8221;42px&#8221; border_width_top=&#8221;2px&#8221; border_color_top=&#8221;#125f9e&#8221; border_width_bottom=&#8221;2px&#8221; border_color_bottom=&#8221;#125f9e&#8221; custom_padding=&#8221;0px||0px||true&#8221;]<\/p>\n<h1>Contacto<\/h1>\n<p>[\/et_pb_text][\/et_pb_column][et_pb_column type=&#8221;3_5&#8243; _builder_version=&#8221;3.21.1&#8243;][\/et_pb_column][\/et_pb_row][et_pb_row _builder_version=&#8221;3.22.3&#8243;][et_pb_column type=&#8221;3_5&#8243; _builder_version=&#8221;3.21.1&#8243;][et_pb_text _builder_version=&#8221;3.21.1&#8243; text_font=&#8221;||||||||&#8221; text_orientation=&#8221;justified&#8221;]<\/p>\n<p><span class=\"fontstyle0\">Existen conexiones que se generan todos los d\u00edas y se transforman en beneficios para\u00a0todos. Son las conexiones alimentadas por las ideas, por la pasi\u00f3n y por la colaboraci\u00f3n.<br \/>Comparta informaci\u00f3n o solicite un servicio con nosotros a la l\u00ednea telef\u00f3nica (593) 224 56\u00a0768 disponible en el horario de 9.00 a.m. a 6.00 p.m. de lunes a viernes, o al (593) 224\u00a040351 a partir de las 6.00 p.m. y los fines de semana.<br \/>Tambi\u00e9n puede contactarnos al correo electr\u00f3nico comunicaciones@telydata.ec.<\/span> <\/p>\n<p>[\/et_pb_text][\/et_pb_column][et_pb_column type=&#8221;2_5&#8243; _builder_version=&#8221;3.21.1&#8243;][\/et_pb_column][\/et_pb_row][et_pb_row _builder_version=&#8221;3.22.5&#8243;][et_pb_column type=&#8221;4_4&#8243; _builder_version=&#8221;3.22.5&#8243;][et_pb_contact_form _builder_version=&#8221;3.24&#8243; title_font=&#8221;||||||||&#8221; form_field_font=&#8221;||||||||&#8221; border_radii=&#8221;on|1px|1px|1px|1px&#8221; border_width_all=&#8221;1px&#8221; border_color_all=&#8221;#0c71c3&#8243; box_shadow_style=&#8221;preset2&#8243; email=&#8221;info@telydata.ec&#8221;][et_pb_contact_field field_id=&#8221;Name&#8221; field_title=&#8221;Nombre&#8221; _builder_version=&#8221;3.24&#8243; border_radii=&#8221;on||||&#8221; button_text_size__hover_enabled=&#8221;off&#8221; button_one_text_size__hover_enabled=&#8221;off&#8221; button_two_text_size__hover_enabled=&#8221;off&#8221; button_text_color__hover_enabled=&#8221;off&#8221; button_one_text_color__hover_enabled=&#8221;off&#8221; button_two_text_color__hover_enabled=&#8221;off&#8221; button_border_width__hover_enabled=&#8221;off&#8221; button_one_border_width__hover_enabled=&#8221;off&#8221; button_two_border_width__hover_enabled=&#8221;off&#8221; button_border_color__hover_enabled=&#8221;off&#8221; button_one_border_color__hover_enabled=&#8221;off&#8221; button_two_border_color__hover_enabled=&#8221;off&#8221; button_border_radius__hover_enabled=&#8221;off&#8221; button_one_border_radius__hover_enabled=&#8221;off&#8221; button_two_border_radius__hover_enabled=&#8221;off&#8221; button_letter_spacing__hover_enabled=&#8221;off&#8221; button_one_letter_spacing__hover_enabled=&#8221;off&#8221; button_two_letter_spacing__hover_enabled=&#8221;off&#8221; button_bg_color__hover_enabled=&#8221;off&#8221; button_one_bg_color__hover_enabled=&#8221;off&#8221; button_two_bg_color__hover_enabled=&#8221;off&#8221;][\/et_pb_contact_field][et_pb_contact_field field_id=&#8221;Email&#8221; field_title=&#8221;Direcci\u00f3n de correo electr\u00f3nico&#8221; field_type=&#8221;email&#8221; _builder_version=&#8221;3.24&#8243; border_radii=&#8221;on||||&#8221; button_text_size__hover_enabled=&#8221;off&#8221; button_one_text_size__hover_enabled=&#8221;off&#8221; button_two_text_size__hover_enabled=&#8221;off&#8221; button_text_color__hover_enabled=&#8221;off&#8221; button_one_text_color__hover_enabled=&#8221;off&#8221; button_two_text_color__hover_enabled=&#8221;off&#8221; button_border_width__hover_enabled=&#8221;off&#8221; button_one_border_width__hover_enabled=&#8221;off&#8221; button_two_border_width__hover_enabled=&#8221;off&#8221; button_border_color__hover_enabled=&#8221;off&#8221; button_one_border_color__hover_enabled=&#8221;off&#8221; button_two_border_color__hover_enabled=&#8221;off&#8221; button_border_radius__hover_enabled=&#8221;off&#8221; button_one_border_radius__hover_enabled=&#8221;off&#8221; button_two_border_radius__hover_enabled=&#8221;off&#8221; button_letter_spacing__hover_enabled=&#8221;off&#8221; button_one_letter_spacing__hover_enabled=&#8221;off&#8221; button_two_letter_spacing__hover_enabled=&#8221;off&#8221; button_bg_color__hover_enabled=&#8221;off&#8221; button_one_bg_color__hover_enabled=&#8221;off&#8221; button_two_bg_color__hover_enabled=&#8221;off&#8221;][\/et_pb_contact_field][et_pb_contact_field field_id=&#8221;Tel\u00e9fono&#8221; field_title=&#8221;Tel\u00e9fonos&#8221; _builder_version=&#8221;3.24&#8243; border_radii=&#8221;on||||&#8221; button_text_size__hover_enabled=&#8221;off&#8221; button_one_text_size__hover_enabled=&#8221;off&#8221; button_two_text_size__hover_enabled=&#8221;off&#8221; button_text_color__hover_enabled=&#8221;off&#8221; button_one_text_color__hover_enabled=&#8221;off&#8221; button_two_text_color__hover_enabled=&#8221;off&#8221; button_border_width__hover_enabled=&#8221;off&#8221; button_one_border_width__hover_enabled=&#8221;off&#8221; button_two_border_width__hover_enabled=&#8221;off&#8221; button_border_color__hover_enabled=&#8221;off&#8221; button_one_border_color__hover_enabled=&#8221;off&#8221; button_two_border_color__hover_enabled=&#8221;off&#8221; button_border_radius__hover_enabled=&#8221;off&#8221; button_one_border_radius__hover_enabled=&#8221;off&#8221; button_two_border_radius__hover_enabled=&#8221;off&#8221; button_letter_spacing__hover_enabled=&#8221;off&#8221; button_one_letter_spacing__hover_enabled=&#8221;off&#8221; button_two_letter_spacing__hover_enabled=&#8221;off&#8221; button_bg_color__hover_enabled=&#8221;off&#8221; button_one_bg_color__hover_enabled=&#8221;off&#8221; button_two_bg_color__hover_enabled=&#8221;off&#8221;][\/et_pb_contact_field][et_pb_contact_field field_id=&#8221;Comentarios&#8221; field_title=&#8221;Comentarios&#8221; field_type=&#8221;text&#8221; _builder_version=&#8221;3.22.5&#8243; border_radii=&#8221;on||||&#8221; button_text_size__hover_enabled=&#8221;off&#8221; button_one_text_size__hover_enabled=&#8221;off&#8221; button_two_text_size__hover_enabled=&#8221;off&#8221; button_text_color__hover_enabled=&#8221;off&#8221; button_one_text_color__hover_enabled=&#8221;off&#8221; button_two_text_color__hover_enabled=&#8221;off&#8221; button_border_width__hover_enabled=&#8221;off&#8221; button_one_border_width__hover_enabled=&#8221;off&#8221; button_two_border_width__hover_enabled=&#8221;off&#8221; button_border_color__hover_enabled=&#8221;off&#8221; button_one_border_color__hover_enabled=&#8221;off&#8221; button_two_border_color__hover_enabled=&#8221;off&#8221; button_border_radius__hover_enabled=&#8221;off&#8221; button_one_border_radius__hover_enabled=&#8221;off&#8221; button_two_border_radius__hover_enabled=&#8221;off&#8221; button_letter_spacing__hover_enabled=&#8221;off&#8221; button_one_letter_spacing__hover_enabled=&#8221;off&#8221; button_two_letter_spacing__hover_enabled=&#8221;off&#8221; button_bg_color__hover_enabled=&#8221;off&#8221; button_one_bg_color__hover_enabled=&#8221;off&#8221; button_two_bg_color__hover_enabled=&#8221;off&#8221;][\/et_pb_contact_field][\/et_pb_contact_form][et_pb_divider _builder_version=&#8221;3.23.4&#8243; height=&#8221;0px&#8221;][\/et_pb_divider][et_pb_text _builder_version=&#8221;3.22.5&#8243; text_font=&#8221;||||||||&#8221; text_orientation=&#8221;justified&#8221;]Los datos personales suministrados a TelyData C\u00eda LTDA, ser\u00e1n tratados conforme con la Ley 15 de 1999 de Protecci\u00f3n de Datos de Car\u00e1cter Personal en Ecuador. Consulte nuestra Pol\u00edtica de Privacidad.<br \/>\nAl darle clic al bot\u00f3n Enviar, usted, como Usuario de este sitio Web, est\u00e1 aceptando los T\u00e9rminos de Uso del portal[\/et_pb_text][\/et_pb_column][\/et_pb_row][\/et_pb_section][et_pb_section fb_built=&#8221;1&#8243; _builder_version=&#8221;3.19.18&#8243; background_color=&#8221;#125f9e&#8221; global_module=&#8221;176&#8243; saved_tabs=&#8221;all&#8221;][et_pb_row use_custom_gutter=&#8221;on&#8221; gutter_width=&#8221;1&#8243; make_equal=&#8221;on&#8221; _builder_version=&#8221;3.22.3&#8243; width=&#8221;90%&#8221; max_width=&#8221;90%&#8221; use_custom_width=&#8221;on&#8221; width_unit=&#8221;off&#8221; custom_width_percent=&#8221;90%&#8221;][et_pb_column type=&#8221;1_5&#8243; _builder_version=&#8221;3.19.18&#8243;][dsm_menu title=&#8221;NOSOTROS&#8221; menu_id=&#8221;3&#8243; menu_link_text_color=&#8221;#ffffff&#8221; list_style_type=&#8221;none&#8221; _builder_version=&#8221;3.21.1&#8243; header_font=&#8221;Prompt|200|||||||&#8221; menu_font=&#8221;||||||||&#8221; background_layout=&#8221;dark&#8221;][\/dsm_menu][\/et_pb_column][et_pb_column type=&#8221;1_5&#8243; _builder_version=&#8221;3.19.18&#8243;][dsm_menu title=&#8221;INTERNET&#8221; menu_id=&#8221;4&#8243; menu_link_text_color=&#8221;#ffffff&#8221; list_style_type=&#8221;none&#8221; _builder_version=&#8221;3.21.1&#8243; header_font=&#8221;Prompt|200|||||||&#8221; menu_font=&#8221;||||||||&#8221; background_layout=&#8221;dark&#8221;][\/dsm_menu][\/et_pb_column][et_pb_column type=&#8221;1_5&#8243; _builder_version=&#8221;3.19.18&#8243;][dsm_menu title=&#8221;SERVICIOS DE TELECOMUNICACIONES&#8221; menu_id=&#8221;5&#8243; menu_link_text_color=&#8221;#ffffff&#8221; list_style_type=&#8221;none&#8221; _builder_version=&#8221;3.21.1&#8243; header_font=&#8221;Prompt|200|||||||&#8221; menu_font=&#8221;||||||||&#8221; background_layout=&#8221;dark&#8221;][\/dsm_menu][\/et_pb_column][et_pb_column type=&#8221;1_5&#8243; _builder_version=&#8221;3.19.18&#8243;][dsm_menu title=&#8221;HERRAMIENTAS&#8221; menu_id=&#8221;6&#8243; menu_link_text_color=&#8221;#ffffff&#8221; list_style_type=&#8221;none&#8221; _builder_version=&#8221;3.21.1&#8243; header_font=&#8221;Prompt|200|||||||&#8221; menu_font=&#8221;||||||||&#8221; background_layout=&#8221;dark&#8221;][\/dsm_menu][\/et_pb_column][et_pb_column type=&#8221;1_5&#8243; _builder_version=&#8221;3.19.18&#8243;][dsm_menu title=&#8221;CONTACTOS&#8221; menu_id=&#8221;8&#8243; menu_link_text_color=&#8221;#ffffff&#8221; list_style_type=&#8221;none&#8221; _builder_version=&#8221;3.21.1&#8243; header_font=&#8221;Prompt|200|||||||&#8221; menu_font=&#8221;||||||||&#8221; background_layout=&#8221;dark&#8221;][\/dsm_menu][et_pb_image src=&#8221;http:\/\/www.telydata.ec\/wp-content\/uploads\/2019\/04\/arcotel_logo_bkg.png&#8221; align_tablet=&#8221;center&#8221; align_last_edited=&#8221;on|desktop&#8221; _builder_version=&#8221;3.23&#8243; custom_margin=&#8221;||10px&#8221;][\/et_pb_image][et_pb_text _builder_version=&#8221;3.21.1&#8243; text_font=&#8221;||||||||&#8221; header_font=&#8221;||||||||&#8221; header_5_font=&#8221;Prompt|200|||||||&#8221; header_5_font_size=&#8221;14px&#8221; background_layout=&#8221;dark&#8221; custom_margin=&#8221;||10px&#8221; link_option_url=&#8221;\/wp-content\/uploads\/2019\/04\/Reglamento_norma_sva.pdf&#8221; link_option_url_new_window=&#8221;on&#8221;]<\/p>\n<h5>> Reglamento de normas SVA<\/h5>\n<p>[\/et_pb_text][et_pb_text _builder_version=&#8221;3.21.1&#8243; text_font=&#8221;||||||||&#8221; header_font=&#8221;||||||||&#8221; header_5_font=&#8221;Prompt|200|||||||&#8221; header_5_font_size=&#8221;14px&#8221; background_layout=&#8221;dark&#8221; custom_margin=&#8221;||10px&#8221; link_option_url=&#8221;\/wp-content\/uploads\/2019\/04\/Reglamento_abonados.pdf&#8221; link_option_url_new_window=&#8221;on&#8221;]<\/p>\n<h5>&gt; Reglamento de Abonados<\/h5>\n<p>[\/et_pb_text][et_pb_text _builder_version=&#8221;3.21.1&#8243; text_font=&#8221;||||||||&#8221; header_font=&#8221;||||||||&#8221; header_5_font=&#8221;Prompt|200|||||||&#8221; header_5_font_size=&#8221;14px&#8221; background_layout=&#8221;dark&#8221; custom_margin=&#8221;||10px&#8221; link_option_url=&#8221;\/wp-content\/uploads\/2019\/04\/Ley-Org\u00e1nica-de-Telecomunicaciones.pdf&#8221; link_option_url_new_window=&#8221;on&#8221;]<\/p>\n<h5>&gt; Ley de Telecomunicaciones<\/h5>\n<p>[\/et_pb_text][\/et_pb_column][\/et_pb_row][\/et_pb_section][et_pb_section fb_built=&#8221;1&#8243; _builder_version=&#8221;3.19.18&#8243; background_color=&#8221;#125f9e&#8221; border_width_top=&#8221;8px&#8221; border_color_top=&#8221;#ffffff&#8221; custom_padding=&#8221;0|0px|0|0px|false|false&#8221; global_module=&#8221;178&#8243; saved_tabs=&#8221;all&#8221;][et_pb_row use_custom_gutter=&#8221;on&#8221; gutter_width=&#8221;1&#8243; _builder_version=&#8221;3.22.3&#8243;][et_pb_column type=&#8221;3_5&#8243; _builder_version=&#8221;3.19.18&#8243;][et_pb_blurb use_icon=&#8221;on&#8221; font_icon=&#8221;%%236%%&#8221; icon_color=&#8221;#ffffff&#8221; icon_placement=&#8221;left&#8221; use_icon_font_size=&#8221;on&#8221; icon_font_size=&#8221;32px&#8221; _builder_version=&#8221;3.19.18&#8243; background_layout=&#8221;dark&#8221;]<\/p>\n<p><span class=\"fontstyle0\">Jos\u00e9 Arizaga E3-37 y Jorge Drom. Edificio Aristo Plaza. Piso 5, Oficina 51<br \/>Quito.<br \/><\/span><span class=\"fontstyle0\">Samanes 6, Manzana 944, Casa 34<br \/>Guayaquil, Ecuador<\/span> <\/p>\n<p>[\/et_pb_blurb][et_pb_blurb use_icon=&#8221;on&#8221; font_icon=&#8221;%%264%%&#8221; icon_color=&#8221;#ffffff&#8221; icon_placement=&#8221;left&#8221; use_icon_font_size=&#8221;on&#8221; icon_font_size=&#8221;32px&#8221; _builder_version=&#8221;3.19.18&#8243; background_layout=&#8221;dark&#8221;]<\/p>\n<p><span class=\"fontstyle0\">(593) 2 2456768 &#8211; (593) 99 833 6171<\/span> <\/p>\n<p>[\/et_pb_blurb][\/et_pb_column][et_pb_column type=&#8221;1_5&#8243; _builder_version=&#8221;3.19.18&#8243;][et_pb_text _builder_version=&#8221;3.21.1&#8243; text_font=&#8221;||||||||&#8221; background_layout=&#8221;dark&#8221; custom_margin=&#8221;3em||1em&#8221; link_option_url=&#8221;\/terminos-y-condiciones\/&#8221;]<\/p>\n<h5>T\u00e9rminos de uso<\/h5>\n<p>[\/et_pb_text][\/et_pb_column][et_pb_column type=&#8221;1_5&#8243; _builder_version=&#8221;3.19.18&#8243;][et_pb_text _builder_version=&#8221;3.21.1&#8243; text_font=&#8221;||||||||&#8221; background_layout=&#8221;dark&#8221; custom_margin=&#8221;3em||1em&#8221; link_option_url=&#8221;\/politica-de-privacidad\/&#8221;]<\/p>\n<h5>Pol\u00edtica de privacidad<\/h5>\n<p>[\/et_pb_text][et_pb_blurb title=&#8221;Webmail&#8221; use_icon=&#8221;on&#8221; font_icon=&#8221;%%238%%&#8221; icon_color=&#8221;#ffffff&#8221; icon_placement=&#8221;left&#8221; use_icon_font_size=&#8221;on&#8221; icon_font_size=&#8221;24px&#8221; _builder_version=&#8221;3.24&#8243; header_font=&#8221;Nunito|700|||||||&#8221; header_text_color=&#8221;#ffffff&#8221; header_line_height=&#8221;1.3em&#8221; custom_margin=&#8221;25px||&#8221; link_option_url=&#8221;http:\/\/webmail.telydata.ec&#8221;][\/et_pb_blurb][\/et_pb_column][\/et_pb_row][\/et_pb_section]<\/p>\n","protected":false},"excerpt":{"rendered":"<p>[et_pb_section fb_built=&#8221;1&#8243; fullwidth=&#8221;on&#8221; _builder_version=&#8221;3.22.3&#8243; background_position=&#8221;top_center&#8221;][et_pb_fullwidth_slider show_pagination=&#8221;off&#8221; module_class=&#8221;top_slide&#8221; _builder_version=&#8221;3.22.5&#8243; header_font=&#8221;||||||||&#8221; body_font=&#8221;||||||||&#8221; custom_button=&#8221;on&#8221; button_text_color=&#8221;#891333&#8243; button_bg_color=&#8221;rgba(255,255,255,0.9)&#8221; button_font=&#8221;|700|||||||&#8221;][et_pb_slide heading=&#8221; &#8221; button_text=&#8221;Ver m\u00e1s&#8221; use_bg_overlay=&#8221;on&#8221; use_text_overlay=&#8221;on&#8221; text_overlay_color=&#8221;rgba(137,19,51,0.8)&#8221; _builder_version=&#8221;3.22.5&#8243; header_font=&#8221;Prompt|200|||||||solid&#8221; header_font_size=&#8221;30px&#8221; header_letter_spacing=&#8221;1px&#8221; body_font=&#8221;Prompt|100|||||||&#8221; body_text_color=&#8221;#efefef&#8221; body_font_size=&#8221;18px&#8221; background_color=&#8221;rgba(255,255,255,0)&#8221; background_image=&#8221;http:\/\/www.telydata.ec\/wp-content\/uploads\/2019\/05\/s1.jpg&#8221; parallax=&#8221;on&#8221; parallax_method=&#8221;off&#8221; custom_css_slide_title=&#8221;border-bottom:1px solid;||max-width:60%;||margin: 0px auto 10px auto;||&#8221; custom_css_slide_button=&#8221;visibility:hidden;&#8221;]Mantenemos nuestra posici\u00f3n de liderazgo frente al desarrollo de capacidades estrat\u00e9gicas entre los operadores de telecomunicaciones y [&hellip;]<\/p>\n","protected":false},"author":1,"featured_media":0,"parent":0,"menu_order":0,"comment_status":"closed","ping_status":"closed","template":"","meta":{"_et_pb_use_builder":"on","_et_pb_old_content":"<!-- wp:divi\/placeholder \/-->","_et_gb_content_width":""},"_links":{"self":[{"href":"http:\/\/www.telydata.ec\/index.php?rest_route=\/wp\/v2\/pages\/66"}],"collection":[{"href":"http:\/\/www.telydata.ec\/index.php?rest_route=\/wp\/v2\/pages"}],"about":[{"href":"http:\/\/www.telydata.ec\/index.php?rest_route=\/wp\/v2\/types\/page"}],"author":[{"embeddable":true,"href":"http:\/\/www.telydata.ec\/index.php?rest_route=\/wp\/v2\/users\/1"}],"replies":[{"embeddable":true,"href":"http:\/\/www.telydata.ec\/index.php?rest_route=%2Fwp%2Fv2%2Fcomments&post=66"}],"version-history":[{"count":8,"href":"http:\/\/www.telydata.ec\/index.php?rest_route=\/wp\/v2\/pages\/66\/revisions"}],"predecessor-version":[{"id":632,"href":"http:\/\/www.telydata.ec\/index.php?rest_route=\/wp\/v2\/pages\/66\/revisions\/632"}],"wp:attachment":[{"href":"http:\/\/www.telydata.ec\/index.php?rest_route=%2Fwp%2Fv2%2Fmedia&parent=66"}],"curies":[{"name":"wp","href":"https:\/\/api.w.org\/{rel}","templated":true}]}}