{"id":55,"date":"2019-04-01T04:17:23","date_gmt":"2019-04-01T04:17:23","guid":{"rendered":"http:\/\/www.telydata.ec\/?page_id=55"},"modified":"2019-06-11T07:39:25","modified_gmt":"2019-06-11T12:39:25","slug":"quienes-somos","status":"publish","type":"page","link":"http:\/\/www.telydata.ec\/?page_id=55","title":{"rendered":"\u00bfQui\u00e9nes s\u00f3mos?"},"content":{"rendered":"<p>[et_pb_section fb_built=&#8221;1&#8243; fullwidth=&#8221;on&#8221; _builder_version=&#8221;3.22.3&#8243; background_position=&#8221;top_center&#8221;][et_pb_fullwidth_slider show_pagination=&#8221;off&#8221; module_class=&#8221;top_slide&#8221; _builder_version=&#8221;3.22.5&#8243; header_font=&#8221;||||||||&#8221; body_font=&#8221;||||||||&#8221; custom_button=&#8221;on&#8221; button_text_color=&#8221;#891333&#8243; button_bg_color=&#8221;rgba(255,255,255,0.9)&#8221; button_font=&#8221;|700|||||||&#8221; auto=&#8221;on&#8221; auto_ignore_hover=&#8221;on&#8221;][et_pb_slide heading=&#8221;\u00bfQui\u00e9nes Somos?&#8221; button_text=&#8221;Ver m\u00e1s&#8221; use_bg_overlay=&#8221;on&#8221; use_text_overlay=&#8221;on&#8221; text_overlay_color=&#8221;rgba(137,19,51,0.8)&#8221; _builder_version=&#8221;3.22.5&#8243; header_font=&#8221;Prompt|200|||||||solid&#8221; header_font_size=&#8221;30px&#8221; header_letter_spacing=&#8221;1px&#8221; body_font=&#8221;Prompt|100|||||||&#8221; body_text_color=&#8221;#efefef&#8221; body_font_size=&#8221;18px&#8221; background_color=&#8221;rgba(255,255,255,0)&#8221; background_image=&#8221;http:\/\/www.telydata.ec\/wp-content\/uploads\/2019\/05\/rj45.jpg&#8221; parallax=&#8221;on&#8221; parallax_method=&#8221;off&#8221; custom_css_slide_title=&#8221;border-bottom:1px solid;||max-width:60%;||margin: 0px auto 10px auto;||&#8221;]<\/p>\n<p>Somos una compa\u00f1\u00eda ecuatoriana, reconocida en el sector de las telecomunicaciones con\u00a0m\u00e1s de 20 a\u00f1os de experiencia. Nuestro objetivo es proporcionar servicios de instalaci\u00f3n y de mantenimiento de redes de Fibra \u00d3ptica; La provisi\u00f3n de servicios de internet y atenci\u00f3n a los dem\u00e1s requerimientos en el \u00e1rea de telecomunicaciones.<\/p>\n<p>[\/et_pb_slide][et_pb_slide heading=&#8221;Misi\u00f3n y Visi\u00f3n&#8221; button_text=&#8221;Ver m\u00e1s&#8221; use_bg_overlay=&#8221;on&#8221; use_text_overlay=&#8221;on&#8221; text_overlay_color=&#8221;rgba(137,19,51,0.8)&#8221; _builder_version=&#8221;3.22.5&#8243; header_font=&#8221;Prompt|200|||||||solid&#8221; header_font_size=&#8221;30px&#8221; header_letter_spacing=&#8221;1px&#8221; body_font=&#8221;Prompt|100|||||||&#8221; body_text_color=&#8221;#efefef&#8221; body_font_size=&#8221;18px&#8221; background_color=&#8221;rgba(255,255,255,0)&#8221; background_image=&#8221;http:\/\/www.telydata.ec\/wp-content\/uploads\/2019\/04\/bkg_2.jpg&#8221; parallax=&#8221;on&#8221; parallax_method=&#8221;off&#8221; custom_css_slide_title=&#8221;border-bottom:1px solid;||max-width:60%;||margin: 0px auto 10px auto;||&#8221;]<\/p>\n<p>Los objetivos de la estrategia de Telydata est\u00e1n orientados a crear valor para los operadores de telecomunicaciones y sus clientes; garantizar la calidad del servicio y los procesos eficientes. Dise\u00f1ar, planear e implementar las redes de elecomunicaciones, de acuerdo con los requerimientos espec\u00edficos.<\/p>\n<p>[\/et_pb_slide][et_pb_slide heading=&#8221;Nuestras Sedes&#8221; button_text=&#8221;Ver m\u00e1s&#8221; use_bg_overlay=&#8221;on&#8221; use_text_overlay=&#8221;on&#8221; text_overlay_color=&#8221;rgba(137,19,51,0.8)&#8221; _builder_version=&#8221;3.22.5&#8243; header_font=&#8221;Prompt|200|||||||solid&#8221; header_font_size=&#8221;30px&#8221; header_letter_spacing=&#8221;1px&#8221; body_font=&#8221;Prompt|100|||||||&#8221; body_text_color=&#8221;#efefef&#8221; body_font_size=&#8221;18px&#8221; background_color=&#8221;rgba(255,255,255,0)&#8221; background_image=&#8221;http:\/\/www.telydata.ec\/wp-content\/uploads\/2019\/05\/Rack_discos.jpg&#8221; parallax=&#8221;on&#8221; parallax_method=&#8221;off&#8221; custom_css_slide_title=&#8221;border-bottom:1px solid;||max-width:60%;||margin: 0px auto 10px auto;||&#8221;]<\/p>\n<p>Somos una empresa ecuatoriana con presencia a nivel nacional. Actualmente, contamos con sedes en las ciudades de Quito y de Guayaquil, adem\u00e1s de bodegas estrat\u00e9gicamente distribuidas en diversas ciudades.<br \/>\nA trav\u00e9s de esta infraestructura f\u00edsica, nuestra gesti\u00f3n se extiende en todas las regiones del pa\u00eds.<\/p>\n<p>[\/et_pb_slide][\/et_pb_fullwidth_slider][\/et_pb_section][et_pb_section fb_built=&#8221;1&#8243; specialty=&#8221;on&#8221; _builder_version=&#8221;3.22.3&#8243;][et_pb_column type=&#8221;2_3&#8243; specialty_columns=&#8221;2&#8243; _builder_version=&#8221;3.0.47&#8243;][et_pb_row_inner _builder_version=&#8221;3.21.1&#8243;][et_pb_column_inner type=&#8221;4_4&#8243; saved_specialty_column_type=&#8221;2_3&#8243; _builder_version=&#8221;3.0.47&#8243;][et_pb_text _builder_version=&#8221;3.21.1&#8243; text_font=&#8221;||||||||&#8221; header_font=&#8221;Prompt||||||||&#8221; header_font_size=&#8221;42px&#8221; border_width_top=&#8221;2px&#8221; border_color_top=&#8221;#125f9e&#8221; border_width_bottom=&#8221;2px&#8221; border_color_bottom=&#8221;#125f9e&#8221; max_width=&#8221;70%&#8221; module_alignment=&#8221;left&#8221; custom_padding=&#8221;0px||0px||true&#8221;]<\/p>\n<h1>\u00bfQui\u00e9nes somos?<\/h1>\n<p>[\/et_pb_text][\/et_pb_column_inner][\/et_pb_row_inner][et_pb_row_inner _builder_version=&#8221;3.21.1&#8243;][et_pb_column_inner type=&#8221;4_4&#8243; saved_specialty_column_type=&#8221;2_3&#8243; _builder_version=&#8221;3.0.47&#8243;][et_pb_text _builder_version=&#8221;3.21.1&#8243; text_font=&#8221;||||||||&#8221; text_orientation=&#8221;justified&#8221;]Ofrecemos a nuestros clientes el dise\u00f1o, la asesor\u00eda, la instalaci\u00f3n, el mantenimiento, los materiales y el know-how para brindar el mejor servicio a sus usuarios finales.<\/p>\n<p>Junto con los operadores de telecomunicaciones, implementamos proyectos que cumplen con los requerimientos, t\u00e9cnicos y econ\u00f3micos para aumentar sus capacidades estrat\u00e9gicas. TelyData est\u00e1 comprometida con ofrecer la mejor experiencia de servicio a nuestros clientes, cumpliendo con nuestras pol\u00edticas de calidad, de eficiencia y de \u00e9tica.[\/et_pb_text][\/et_pb_column_inner][\/et_pb_row_inner][\/et_pb_column][et_pb_column type=&#8221;1_3&#8243; _builder_version=&#8221;3.0.47&#8243;][et_pb_image src=&#8221;http:\/\/www.telydata.ec\/wp-content\/uploads\/2019\/04\/export_1.png&#8221; align_tablet=&#8221;center&#8221; align_last_edited=&#8221;on|desktop&#8221; _builder_version=&#8221;3.23&#8243; max_width=&#8221;80%&#8221; module_alignment=&#8221;center&#8221;][\/et_pb_image][\/et_pb_column][\/et_pb_section][et_pb_section fb_built=&#8221;1&#8243; _builder_version=&#8221;3.21.1&#8243; background_color=&#8221;#d2d4d2&#8243; custom_padding=&#8221;0|0px|52.4375px|0px|false|false&#8221; global_module=&#8221;175&#8243; saved_tabs=&#8221;all&#8221;][et_pb_row use_custom_gutter=&#8221;on&#8221; custom_padding=&#8221;26.2188px|0px|0|0px|false|false&#8221; _builder_version=&#8221;3.22.3&#8243;][et_pb_column type=&#8221;4_4&#8243; _builder_version=&#8221;3.19.18&#8243;][et_pb_text _builder_version=&#8221;3.21.1&#8243; text_font=&#8221;||||||||&#8221; header_font=&#8221;||||||||&#8221; header_3_font=&#8221;Prompt||on||||||&#8221; header_3_text_align=&#8221;center&#8221; header_3_text_color=&#8221;#125f9e&#8221; header_3_font_size=&#8221;26px&#8221;]<\/p>\n<h3>Su conexi\u00f3n: nuestro objetivo<\/h3>\n<p>[\/et_pb_text][\/et_pb_column][\/et_pb_row][et_pb_row use_custom_gutter=&#8221;on&#8221; _builder_version=&#8221;3.22.3&#8243;][et_pb_column type=&#8221;1_4&#8243; _builder_version=&#8221;3.19.18&#8243;][et_pb_text _builder_version=&#8221;3.21.1&#8243; text_font=&#8221;|700|||||||&#8221; text_text_color=&#8221;#891333&#8243; header_font=&#8221;Prompt|700|||||||&#8221; header_text_align=&#8221;center&#8221; header_text_color=&#8221;#891333&#8243; header_font_size=&#8221;36px&#8221; header_4_font=&#8221;|700|||||||&#8221; header_5_font=&#8221;|700|||||||&#8221; header_5_text_color=&#8221;#891333&#8243; border_width_top=&#8221;2px&#8221; border_color_top=&#8221;#891333&#8243; border_width_bottom=&#8221;2px&#8221; border_color_bottom=&#8221;#891333&#8243; text_orientation=&#8221;center&#8221;]<\/p>\n<h1>24<\/h1>\n<h5>A\u00f1os de experiencia<br \/>.<\/h5>\n<p>[\/et_pb_text][\/et_pb_column][et_pb_column type=&#8221;1_4&#8243; _builder_version=&#8221;3.19.18&#8243;][et_pb_text _builder_version=&#8221;3.21.1&#8243; text_font=&#8221;|700|||||||&#8221; text_text_color=&#8221;#125f9e&#8221; header_font=&#8221;Prompt|700|||||||&#8221; header_text_align=&#8221;center&#8221; header_text_color=&#8221;#125f9e&#8221; header_font_size=&#8221;34px&#8221; header_4_font=&#8221;|700|||||||&#8221; header_5_font=&#8221;|700|||||||&#8221; header_5_text_color=&#8221;#125f9e&#8221; border_width_top=&#8221;2px&#8221; border_color_top=&#8221;#125f9e&#8221; border_width_bottom=&#8221;2px&#8221; border_color_bottom=&#8221;#125f9e&#8221; text_orientation=&#8221;center&#8221;]<\/p>\n<h1>1<\/h1>\n<h5>Objetivo primario:<br \/> Satisfacer al cliente.<\/h5>\n<p>[\/et_pb_text][\/et_pb_column][et_pb_column type=&#8221;1_4&#8243; _builder_version=&#8221;3.19.18&#8243;][et_pb_text _builder_version=&#8221;3.21.1&#8243; text_font=&#8221;|700|||||||&#8221; text_text_color=&#8221;#891333&#8243; header_font=&#8221;Prompt|700|||||||&#8221; header_text_align=&#8221;center&#8221; header_text_color=&#8221;#891333&#8243; header_font_size=&#8221;36px&#8221; header_4_font=&#8221;|700|||||||&#8221; header_5_font=&#8221;|700|||||||&#8221; header_5_text_color=&#8221;#891333&#8243; border_width_top=&#8221;2px&#8221; border_color_top=&#8221;#891333&#8243; border_width_bottom=&#8221;2px&#8221; border_color_bottom=&#8221;#891333&#8243; text_orientation=&#8221;center&#8221;]<\/p>\n<h1>7&#215;24<\/h1>\n<h5>Mantenimiento preventivo y correctivo<\/h5>\n<p>[\/et_pb_text][\/et_pb_column][et_pb_column type=&#8221;1_4&#8243; _builder_version=&#8221;3.19.18&#8243;][et_pb_text _builder_version=&#8221;3.21.1&#8243; text_font=&#8221;|700|||||||&#8221; text_text_color=&#8221;#125f9e&#8221; header_font=&#8221;Prompt|700|||||||&#8221; header_text_align=&#8221;center&#8221; header_text_color=&#8221;#125f9e&#8221; header_font_size=&#8221;34px&#8221; header_4_font=&#8221;|700|||||||&#8221; header_5_font=&#8221;|700|||||||&#8221; header_5_text_color=&#8221;#125f9e&#8221; border_width_top=&#8221;2px&#8221; border_color_top=&#8221;#125f9e&#8221; border_width_bottom=&#8221;2px&#8221; border_color_bottom=&#8221;#125f9e&#8221; text_orientation=&#8221;center&#8221;]<\/p>\n<h1>3G, 4G y LTE<\/h1>\n<h5>Sistemas Wireless<br \/> .<\/h5>\n<p>[\/et_pb_text][\/et_pb_column][\/et_pb_row][\/et_pb_section][et_pb_section fb_built=&#8221;1&#8243; _builder_version=&#8221;3.19.18&#8243; background_color=&#8221;#125f9e&#8221; global_module=&#8221;176&#8243; saved_tabs=&#8221;all&#8221;][et_pb_row use_custom_gutter=&#8221;on&#8221; gutter_width=&#8221;1&#8243; make_equal=&#8221;on&#8221; _builder_version=&#8221;3.22.3&#8243; width=&#8221;90%&#8221; max_width=&#8221;90%&#8221; use_custom_width=&#8221;on&#8221; width_unit=&#8221;off&#8221; custom_width_percent=&#8221;90%&#8221;][et_pb_column type=&#8221;1_5&#8243; _builder_version=&#8221;3.19.18&#8243;][dsm_menu title=&#8221;NOSOTROS&#8221; menu_id=&#8221;3&#8243; menu_link_text_color=&#8221;#ffffff&#8221; list_style_type=&#8221;none&#8221; _builder_version=&#8221;3.21.1&#8243; header_font=&#8221;Prompt|200|||||||&#8221; menu_font=&#8221;||||||||&#8221; background_layout=&#8221;dark&#8221; _i=&#8221;0&#8243; _address=&#8221;3.0.0.0&#8243; \/][\/et_pb_column][et_pb_column type=&#8221;1_5&#8243; _builder_version=&#8221;3.19.18&#8243;][dsm_menu title=&#8221;INTERNET&#8221; menu_id=&#8221;4&#8243; menu_link_text_color=&#8221;#ffffff&#8221; list_style_type=&#8221;none&#8221; _builder_version=&#8221;3.21.1&#8243; header_font=&#8221;Prompt|200|||||||&#8221; menu_font=&#8221;||||||||&#8221; background_layout=&#8221;dark&#8221; _i=&#8221;0&#8243; _address=&#8221;3.0.1.0&#8243; \/][\/et_pb_column][et_pb_column type=&#8221;1_5&#8243; _builder_version=&#8221;3.19.18&#8243;][dsm_menu title=&#8221;SERVICIOS DE TELECOMUNICACIONES&#8221; menu_id=&#8221;5&#8243; menu_link_text_color=&#8221;#ffffff&#8221; list_style_type=&#8221;none&#8221; _builder_version=&#8221;3.21.1&#8243; header_font=&#8221;Prompt|200|||||||&#8221; menu_font=&#8221;||||||||&#8221; background_layout=&#8221;dark&#8221; _i=&#8221;0&#8243; _address=&#8221;3.0.2.0&#8243; \/][\/et_pb_column][et_pb_column type=&#8221;1_5&#8243; _builder_version=&#8221;3.19.18&#8243;][dsm_menu title=&#8221;HERRAMIENTAS&#8221; menu_id=&#8221;6&#8243; menu_link_text_color=&#8221;#ffffff&#8221; list_style_type=&#8221;none&#8221; _builder_version=&#8221;3.21.1&#8243; header_font=&#8221;Prompt|200|||||||&#8221; menu_font=&#8221;||||||||&#8221; background_layout=&#8221;dark&#8221; _i=&#8221;0&#8243; _address=&#8221;3.0.3.0&#8243; \/][\/et_pb_column][et_pb_column type=&#8221;1_5&#8243; _builder_version=&#8221;3.19.18&#8243;][dsm_menu title=&#8221;CONTACTOS&#8221; menu_id=&#8221;8&#8243; menu_link_text_color=&#8221;#ffffff&#8221; list_style_type=&#8221;none&#8221; _builder_version=&#8221;3.21.1&#8243; header_font=&#8221;Prompt|200|||||||&#8221; menu_font=&#8221;||||||||&#8221; background_layout=&#8221;dark&#8221; _i=&#8221;0&#8243; _address=&#8221;3.0.4.0&#8243; \/][et_pb_image src=&#8221;http:\/\/www.telydata.ec\/wp-content\/uploads\/2019\/04\/arcotel_logo_bkg.png&#8221; align_tablet=&#8221;center&#8221; align_last_edited=&#8221;on|desktop&#8221; _builder_version=&#8221;3.23&#8243; custom_margin=&#8221;||10px&#8221;][\/et_pb_image][et_pb_text _builder_version=&#8221;3.21.1&#8243; text_font=&#8221;||||||||&#8221; header_font=&#8221;||||||||&#8221; header_5_font=&#8221;Prompt|200|||||||&#8221; header_5_font_size=&#8221;14px&#8221; background_layout=&#8221;dark&#8221; custom_margin=&#8221;||10px&#8221; link_option_url=&#8221;\/wp-content\/uploads\/2019\/04\/Reglamento_norma_sva.pdf&#8221; link_option_url_new_window=&#8221;on&#8221;]<\/p>\n<h5>> Reglamento de normas SVA<\/h5>\n<p>[\/et_pb_text][et_pb_text _builder_version=&#8221;3.21.1&#8243; text_font=&#8221;||||||||&#8221; header_font=&#8221;||||||||&#8221; header_5_font=&#8221;Prompt|200|||||||&#8221; header_5_font_size=&#8221;14px&#8221; background_layout=&#8221;dark&#8221; custom_margin=&#8221;||10px&#8221; link_option_url=&#8221;\/wp-content\/uploads\/2019\/04\/Reglamento_abonados.pdf&#8221; link_option_url_new_window=&#8221;on&#8221;]<\/p>\n<h5>&gt; Reglamento de Abonados<\/h5>\n<p>[\/et_pb_text][et_pb_text _builder_version=&#8221;3.21.1&#8243; text_font=&#8221;||||||||&#8221; header_font=&#8221;||||||||&#8221; header_5_font=&#8221;Prompt|200|||||||&#8221; header_5_font_size=&#8221;14px&#8221; background_layout=&#8221;dark&#8221; custom_margin=&#8221;||10px&#8221; link_option_url=&#8221;\/wp-content\/uploads\/2019\/04\/Ley-Org\u00e1nica-de-Telecomunicaciones.pdf&#8221; link_option_url_new_window=&#8221;on&#8221;]<\/p>\n<h5>&gt; Ley de Telecomunicaciones<\/h5>\n<p>[\/et_pb_text][\/et_pb_column][\/et_pb_row][\/et_pb_section][et_pb_section fb_built=&#8221;1&#8243; _builder_version=&#8221;3.19.18&#8243; background_color=&#8221;#125f9e&#8221; border_width_top=&#8221;8px&#8221; border_color_top=&#8221;#ffffff&#8221; custom_padding=&#8221;0|0px|0|0px|false|false&#8221; global_module=&#8221;178&#8243; saved_tabs=&#8221;all&#8221;][et_pb_row use_custom_gutter=&#8221;on&#8221; gutter_width=&#8221;1&#8243; _builder_version=&#8221;3.22.3&#8243;][et_pb_column type=&#8221;3_5&#8243; _builder_version=&#8221;3.19.18&#8243;][et_pb_blurb use_icon=&#8221;on&#8221; font_icon=&#8221;%%236%%&#8221; icon_color=&#8221;#ffffff&#8221; icon_placement=&#8221;left&#8221; use_icon_font_size=&#8221;on&#8221; icon_font_size=&#8221;32px&#8221; _builder_version=&#8221;3.19.18&#8243; background_layout=&#8221;dark&#8221;]<\/p>\n<p><span class=\"fontstyle0\">Jos\u00e9 Arizaga E3-37 y Jorge Drom. Edificio Aristo Plaza. Piso 5, Oficina 51<br \/>Quito.<br \/><\/span><span class=\"fontstyle0\">Samanes 6, Manzana 944, Casa 34<br \/>Guayaquil, Ecuador<\/span> <\/p>\n<p>[\/et_pb_blurb][et_pb_blurb use_icon=&#8221;on&#8221; font_icon=&#8221;%%264%%&#8221; icon_color=&#8221;#ffffff&#8221; icon_placement=&#8221;left&#8221; use_icon_font_size=&#8221;on&#8221; icon_font_size=&#8221;32px&#8221; _builder_version=&#8221;3.19.18&#8243; background_layout=&#8221;dark&#8221;]<\/p>\n<p><span class=\"fontstyle0\">(593) 2 2456768 &#8211; (593) 99 833 6171<\/span> <\/p>\n<p>[\/et_pb_blurb][\/et_pb_column][et_pb_column type=&#8221;1_5&#8243; _builder_version=&#8221;3.19.18&#8243;][et_pb_text _builder_version=&#8221;3.21.1&#8243; text_font=&#8221;||||||||&#8221; background_layout=&#8221;dark&#8221; custom_margin=&#8221;3em||1em&#8221; link_option_url=&#8221;\/terminos-y-condiciones\/&#8221;]<\/p>\n<h5>T\u00e9rminos de uso<\/h5>\n<p>[\/et_pb_text][\/et_pb_column][et_pb_column type=&#8221;1_5&#8243; _builder_version=&#8221;3.19.18&#8243;][et_pb_text _builder_version=&#8221;3.21.1&#8243; text_font=&#8221;||||||||&#8221; background_layout=&#8221;dark&#8221; custom_margin=&#8221;3em||1em&#8221; link_option_url=&#8221;\/politica-de-privacidad\/&#8221;]<\/p>\n<h5>Pol\u00edtica de privacidad<\/h5>\n<p>[\/et_pb_text][et_pb_text _builder_version=&#8221;3.24&#8243; text_font=&#8221;||||||||&#8221; background_layout=&#8221;dark&#8221; custom_margin=&#8221;3em||1em&#8221; link_option_url=&#8221;\/politica-de-privacidad\/&#8221;]<\/p>\n<h5 style=\"text-align: left;\"><strong><a href=\"http:\/\/webmail.telydata.ec\" target=\"_blank\" rel=\"noopener noreferrer\" title=\"WEBMAIL\">Webmail<\/a><\/strong><\/h5>\n<p>[\/et_pb_text][\/et_pb_column][\/et_pb_row][\/et_pb_section]<\/p>\n","protected":false},"excerpt":{"rendered":"<p>[et_pb_section fb_built=&#8221;1&#8243; fullwidth=&#8221;on&#8221; _builder_version=&#8221;3.22.3&#8243; background_position=&#8221;top_center&#8221;][et_pb_fullwidth_slider show_pagination=&#8221;off&#8221; module_class=&#8221;top_slide&#8221; _builder_version=&#8221;3.22.5&#8243; header_font=&#8221;||||||||&#8221; body_font=&#8221;||||||||&#8221; custom_button=&#8221;on&#8221; button_text_color=&#8221;#891333&#8243; button_bg_color=&#8221;rgba(255,255,255,0.9)&#8221; button_font=&#8221;|700|||||||&#8221; auto=&#8221;on&#8221; auto_ignore_hover=&#8221;on&#8221;][et_pb_slide heading=&#8221;\u00bfQui\u00e9nes Somos?&#8221; button_text=&#8221;Ver m\u00e1s&#8221; use_bg_overlay=&#8221;on&#8221; use_text_overlay=&#8221;on&#8221; text_overlay_color=&#8221;rgba(137,19,51,0.8)&#8221; _builder_version=&#8221;3.22.5&#8243; header_font=&#8221;Prompt|200|||||||solid&#8221; header_font_size=&#8221;30px&#8221; header_letter_spacing=&#8221;1px&#8221; body_font=&#8221;Prompt|100|||||||&#8221; body_text_color=&#8221;#efefef&#8221; body_font_size=&#8221;18px&#8221; background_color=&#8221;rgba(255,255,255,0)&#8221; background_image=&#8221;http:\/\/www.telydata.ec\/wp-content\/uploads\/2019\/05\/rj45.jpg&#8221; parallax=&#8221;on&#8221; parallax_method=&#8221;off&#8221; custom_css_slide_title=&#8221;border-bottom:1px solid;||max-width:60%;||margin: 0px auto 10px auto;||&#8221;] Somos una compa\u00f1\u00eda ecuatoriana, reconocida en el sector de las telecomunicaciones con\u00a0m\u00e1s de 20 a\u00f1os [&hellip;]<\/p>\n","protected":false},"author":1,"featured_media":0,"parent":0,"menu_order":0,"comment_status":"closed","ping_status":"closed","template":"","meta":{"_et_pb_use_builder":"on","_et_pb_old_content":"<!-- wp:divi\/placeholder \/-->","_et_gb_content_width":""},"_links":{"self":[{"href":"http:\/\/www.telydata.ec\/index.php?rest_route=\/wp\/v2\/pages\/55"}],"collection":[{"href":"http:\/\/www.telydata.ec\/index.php?rest_route=\/wp\/v2\/pages"}],"about":[{"href":"http:\/\/www.telydata.ec\/index.php?rest_route=\/wp\/v2\/types\/page"}],"author":[{"embeddable":true,"href":"http:\/\/www.telydata.ec\/index.php?rest_route=\/wp\/v2\/users\/1"}],"replies":[{"embeddable":true,"href":"http:\/\/www.telydata.ec\/index.php?rest_route=%2Fwp%2Fv2%2Fcomments&post=55"}],"version-history":[{"count":6,"href":"http:\/\/www.telydata.ec\/index.php?rest_route=\/wp\/v2\/pages\/55\/revisions"}],"predecessor-version":[{"id":640,"href":"http:\/\/www.telydata.ec\/index.php?rest_route=\/wp\/v2\/pages\/55\/revisions\/640"}],"wp:attachment":[{"href":"http:\/\/www.telydata.ec\/index.php?rest_route=%2Fwp%2Fv2%2Fmedia&parent=55"}],"curies":[{"name":"wp","href":"https:\/\/api.w.org\/{rel}","templated":true}]}}