{"id":2,"date":"2019-03-28T22:06:18","date_gmt":"2019-03-28T22:06:18","guid":{"rendered":"http:\/\/www.telydata.ec\/?page_id=2"},"modified":"2024-06-07T10:02:47","modified_gmt":"2024-06-07T15:02:47","slug":"inicio","status":"publish","type":"page","link":"http:\/\/www.telydata.ec\/","title":{"rendered":"Inicio"},"content":{"rendered":"<p>[et_pb_section fb_built=&#8221;1&#8243; fullwidth=&#8221;on&#8221; _builder_version=&#8221;3.22.3&#8243; background_position=&#8221;top_center&#8221;][et_pb_fullwidth_slider show_pagination=&#8221;off&#8221; module_class=&#8221;top_slide&#8221; _builder_version=&#8221;3.22.5&#8243; header_font=&#8221;||||||||&#8221; body_font=&#8221;||||||||&#8221; custom_button=&#8221;on&#8221; button_text_color=&#8221;#891333&#8243; button_bg_color=&#8221;rgba(255,255,255,0.9)&#8221; button_font=&#8221;|700|||||||&#8221; auto=&#8221;on&#8221; auto_ignore_hover=&#8221;on&#8221;][et_pb_slide heading=&#8221;\u00bfQui\u00e9nes Somos?&#8221; button_text=&#8221;Ver m\u00e1s&#8221; use_bg_overlay=&#8221;on&#8221; use_text_overlay=&#8221;on&#8221; text_overlay_color=&#8221;rgba(137,19,51,0.8)&#8221; _builder_version=&#8221;3.22.5&#8243; header_font=&#8221;Prompt|200|||||||solid&#8221; header_font_size=&#8221;30px&#8221; header_letter_spacing=&#8221;1px&#8221; body_font=&#8221;Prompt|100|||||||&#8221; body_text_color=&#8221;#efefef&#8221; body_font_size=&#8221;18px&#8221; background_color=&#8221;rgba(255,255,255,0)&#8221; background_image=&#8221;http:\/\/www.telydata.ec\/wp-content\/uploads\/2019\/05\/rj45.jpg&#8221; parallax=&#8221;on&#8221; parallax_method=&#8221;off&#8221; custom_css_slide_title=&#8221;border-bottom:1px solid;||max-width:60%;||margin: 0px auto 10px auto;||&#8221; sticky_transition=&#8221;on&#8221;]<\/p>\n<p>Somos una compa\u00f1\u00eda ecuatoriana, reconocida en el sector de las telecomunicaciones con\u00a0m\u00e1s de 20 a\u00f1os de experiencia. Nuestro objetivo es proporcionar servicios de instalaci\u00f3n y de mantenimiento de redes de Fibra \u00d3ptica; La provisi\u00f3n de servicios de internet y atenci\u00f3n a los dem\u00e1s requerimientos en el \u00e1rea de telecomunicaciones.<\/p>\n<p>[\/et_pb_slide][et_pb_slide heading=&#8221;Misi\u00f3n y Visi\u00f3n&#8221; button_text=&#8221;Ver m\u00e1s&#8221; use_bg_overlay=&#8221;on&#8221; use_text_overlay=&#8221;on&#8221; text_overlay_color=&#8221;rgba(137,19,51,0.8)&#8221; _builder_version=&#8221;3.22.5&#8243; header_font=&#8221;Prompt|200|||||||solid&#8221; header_font_size=&#8221;30px&#8221; header_letter_spacing=&#8221;1px&#8221; body_font=&#8221;Prompt|100|||||||&#8221; body_text_color=&#8221;#efefef&#8221; body_font_size=&#8221;18px&#8221; background_color=&#8221;rgba(255,255,255,0)&#8221; background_image=&#8221;http:\/\/www.telydata.ec\/wp-content\/uploads\/2019\/04\/bkg_2.jpg&#8221; parallax=&#8221;on&#8221; parallax_method=&#8221;off&#8221; custom_css_slide_title=&#8221;border-bottom:1px solid;||max-width:60%;||margin: 0px auto 10px auto;||&#8221; sticky_transition=&#8221;on&#8221;]<\/p>\n<p>Los objetivos de la estrategia de Telydata est\u00e1n orientados a crear valor para los operadores de telecomunicaciones y sus clientes; garantizar la calidad del servicio y los procesos eficientes. Dise\u00f1ar, planear e implementar las redes de elecomunicaciones, de acuerdo con los requerimientos espec\u00edficos.<\/p>\n<p>[\/et_pb_slide][et_pb_slide heading=&#8221;Nuestras Sedes&#8221; button_text=&#8221;Ver m\u00e1s&#8221; use_bg_overlay=&#8221;on&#8221; use_text_overlay=&#8221;on&#8221; text_overlay_color=&#8221;rgba(137,19,51,0.8)&#8221; _builder_version=&#8221;3.22.5&#8243; header_font=&#8221;Prompt|200|||||||solid&#8221; header_font_size=&#8221;30px&#8221; header_letter_spacing=&#8221;1px&#8221; body_font=&#8221;Prompt|100|||||||&#8221; body_text_color=&#8221;#efefef&#8221; body_font_size=&#8221;18px&#8221; background_color=&#8221;rgba(255,255,255,0)&#8221; background_image=&#8221;http:\/\/www.telydata.ec\/wp-content\/uploads\/2019\/05\/Rack_discos.jpg&#8221; parallax=&#8221;on&#8221; parallax_method=&#8221;off&#8221; custom_css_slide_title=&#8221;border-bottom:1px solid;||max-width:60%;||margin: 0px auto 10px auto;||&#8221; sticky_transition=&#8221;on&#8221;]<\/p>\n<p>Somos una empresa ecuatoriana con presencia a nivel nacional. Actualmente, contamos con sedes en las ciudades de Quito y de Guayaquil, adem\u00e1s de bodegas estrat\u00e9gicamente distribuidas en diversas ciudades.<br \/>\nA trav\u00e9s de esta infraestructura f\u00edsica, nuestra gesti\u00f3n se extiende en todas las regiones del pa\u00eds.<\/p>\n<p>[\/et_pb_slide][\/et_pb_fullwidth_slider][\/et_pb_section][et_pb_section fb_built=&#8221;1&#8243; _builder_version=&#8221;3.22.3&#8243; custom_padding=&#8221;52.4375px|0px|30px|0px|false|false&#8221;][et_pb_row column_structure=&#8221;1_2,1_2&#8243; use_custom_gutter=&#8221;on&#8221; gutter_width=&#8221;1&#8243; make_equal=&#8221;on&#8221; _builder_version=&#8221;3.25&#8243; custom_padding=&#8221;0px|15px|0px|15px|true|true&#8221; border_width_right=&#8221;8px&#8221; border_color_right=&#8221;#125f9e&#8221; border_width_left=&#8221;8px&#8221; border_color_left=&#8221;#125f9e&#8221;][et_pb_column type=&#8221;1_2&#8243; module_class=&#8221;borde_right_red&#8221; _builder_version=&#8221;3.25&#8243; custom_padding=&#8221;|15px||&#8221; custom_padding__hover=&#8221;|||&#8221;][et_pb_image src=&#8221;http:\/\/www.telydata.ec\/wp-content\/uploads\/2019\/04\/Foto-3.jpg&#8221; align_tablet=&#8221;center&#8221; align_phone=&#8221;&#8221; align_last_edited=&#8221;on|desktop&#8221; _builder_version=&#8221;3.23&#8243;][\/et_pb_image][et_pb_text _builder_version=&#8221;3.27.4&#8243; text_font=&#8221;||||||||&#8221; header_font=&#8221;||||||||&#8221; header_2_font=&#8221;Prompt|700|||||||&#8221; header_2_text_color=&#8221;#5d6162&#8243; header_2_letter_spacing=&#8221;1px&#8221; text_orientation=&#8221;justified&#8221;]<\/p>\n<h2>Internet<\/h2>\n<p><span class=\"fontstyle0\">El Internet se ha transformado en un servicio b\u00e1sico, en Telydata\u00a0ofrecemos una conexi\u00f3n con altos niveles de disponibilidad, servicio\u00a0personalizado y atenci\u00f3n inmediata centrado en nuestros clientes.<br \/>.<\/span><\/p>\n<p>[\/et_pb_text][et_pb_button button_text=&#8221;Ver m\u00e1s&#8221; _builder_version=&#8221;3.21.1&#8243;][\/et_pb_button][\/et_pb_column][et_pb_column type=&#8221;1_2&#8243; module_class=&#8221;borde_left_red&#8221; _builder_version=&#8221;3.25&#8243; custom_padding=&#8221;|||15px&#8221; custom_padding__hover=&#8221;|||&#8221;][et_pb_image src=&#8221;http:\/\/www.telydata.ec\/wp-content\/uploads\/2019\/04\/mod_bkg.jpg&#8221; align_tablet=&#8221;center&#8221; align_phone=&#8221;&#8221; align_last_edited=&#8221;on|desktop&#8221; _builder_version=&#8221;3.23&#8243;][\/et_pb_image][et_pb_text _builder_version=&#8221;3.27.4&#8243; text_font=&#8221;||||||||&#8221; header_font=&#8221;||||||||&#8221; header_2_font=&#8221;Prompt|700|||||||&#8221; header_2_text_color=&#8221;#5d6162&#8243; header_2_letter_spacing=&#8221;1px&#8221; text_orientation=&#8221;justified&#8221;]<\/p>\n<h2>Servicios de Telecomunicaciones<\/h2>\n<p><span class=\"fontstyle0\">Nuestra compa\u00f1\u00eda se especializa en los servicios de asesor\u00eda, de dise\u00f1o, de construcci\u00f3n, de implementaci\u00f3n y de mantenimiento de las redes de telecomunicaciones, cuya meta es mejorar cada d\u00eda la experiencia de los operadores, quienes dan todo por sus clientes.<\/span>[\/et_pb_text][et_pb_button button_text=&#8221;Ver m\u00e1s&#8221; _builder_version=&#8221;3.21.1&#8243;][\/et_pb_button][\/et_pb_column][\/et_pb_row][et_pb_row _builder_version=&#8221;3.25&#8243;][et_pb_column type=&#8221;4_4&#8243; _builder_version=&#8221;3.25&#8243; custom_padding=&#8221;|||&#8221; custom_padding__hover=&#8221;|||&#8221;][et_pb_blurb title=&#8221;Ir a  Webmail&#8221; use_icon=&#8221;on&#8221; font_icon=&#8221;%%198%%&#8221; icon_color=&#8221;#e5e5e5&#8243; icon_placement=&#8221;left&#8221; use_icon_font_size=&#8221;on&#8221; icon_font_size=&#8221;40px&#8221; _builder_version=&#8221;3.24&#8243; header_font=&#8221;Nunito|800|||||||&#8221; header_text_align=&#8221;center&#8221; header_text_color=&#8221;#e5e5e5&#8243; header_line_height=&#8221;1.8em&#8221; background_color=&#8221;#143b70&#8243; custom_padding=&#8221;5%|15%|5%|25%|true|false&#8221; link_option_url=&#8221;http:\/\/webmail.telydata.ec&#8221; divienhancer_module_menu=&#8221;divienhancer-module-as-menu&#8221; divienhancer_module_menu_x=&#8221;module_as_menu_right&#8221; divienhancer_module_menu_icon=&#8221;%%238%%&#8221; divienhancer_module_menu_icon_size=&#8221;14px&#8221; divienhancer_module_menu_icon_close=&#8221;%%201%%&#8221; divienhancer_module_menu_button_background=&#8221;#891333&#8243; divienhancer_module_menu_distance=&#8221;30%&#8221;][\/et_pb_blurb][\/et_pb_column][\/et_pb_row][\/et_pb_section][et_pb_section fb_built=&#8221;1&#8243; _builder_version=&#8221;3.21.1&#8243; background_color=&#8221;#d2d4d2&#8243; custom_padding=&#8221;0|0px|52.4375px|0px|false|false&#8221; global_module=&#8221;175&#8243; saved_tabs=&#8221;all&#8221;][et_pb_row use_custom_gutter=&#8221;on&#8221; _builder_version=&#8221;3.25&#8243; custom_padding=&#8221;26.2188px|0px|0|0px|false|false&#8221;][et_pb_column type=&#8221;4_4&#8243; _builder_version=&#8221;3.25&#8243; custom_padding=&#8221;|||&#8221; custom_padding__hover=&#8221;|||&#8221;][et_pb_text _builder_version=&#8221;3.27.4&#8243; text_font=&#8221;||||||||&#8221; header_font=&#8221;||||||||&#8221; header_3_font=&#8221;Prompt||on||||||&#8221; header_3_text_align=&#8221;center&#8221; header_3_text_color=&#8221;#125f9e&#8221; header_3_font_size=&#8221;26px&#8221;]<\/p>\n<h3>Su conexi\u00f3n: nuestro objetivo<\/h3>\n<p>[\/et_pb_text][\/et_pb_column][\/et_pb_row][et_pb_row use_custom_gutter=&#8221;on&#8221; _builder_version=&#8221;3.25&#8243; column_structure=&#8221;1_4,1_4,1_4,1_4&#8243;][et_pb_column type=&#8221;1_4&#8243; _builder_version=&#8221;3.25&#8243; custom_padding=&#8221;|||&#8221; custom_padding__hover=&#8221;|||&#8221;][et_pb_text _builder_version=&#8221;3.27.4&#8243; text_font=&#8221;|700|||||||&#8221; text_text_color=&#8221;#891333&#8243; header_font=&#8221;Prompt|700|||||||&#8221; header_text_align=&#8221;center&#8221; header_text_color=&#8221;#891333&#8243; header_font_size=&#8221;36px&#8221; header_4_font=&#8221;|700|||||||&#8221; header_5_font=&#8221;|700|||||||&#8221; header_5_text_color=&#8221;#891333&#8243; text_orientation=&#8221;center&#8221; border_width_top=&#8221;2px&#8221; border_color_top=&#8221;#891333&#8243; border_width_bottom=&#8221;2px&#8221; border_color_bottom=&#8221;#891333&#8243;]<\/p>\n<h1>24<\/h1>\n<h5>A\u00f1os de experiencia<br \/>.<\/h5>\n<p>[\/et_pb_text][\/et_pb_column][et_pb_column type=&#8221;1_4&#8243; _builder_version=&#8221;3.25&#8243; custom_padding=&#8221;|||&#8221; custom_padding__hover=&#8221;|||&#8221;][et_pb_text _builder_version=&#8221;3.27.4&#8243; text_font=&#8221;|700|||||||&#8221; text_text_color=&#8221;#125f9e&#8221; header_font=&#8221;Prompt|700|||||||&#8221; header_text_align=&#8221;center&#8221; header_text_color=&#8221;#125f9e&#8221; header_font_size=&#8221;34px&#8221; header_4_font=&#8221;|700|||||||&#8221; header_5_font=&#8221;|700|||||||&#8221; header_5_text_color=&#8221;#125f9e&#8221; text_orientation=&#8221;center&#8221; border_width_top=&#8221;2px&#8221; border_color_top=&#8221;#125f9e&#8221; border_width_bottom=&#8221;2px&#8221; border_color_bottom=&#8221;#125f9e&#8221;]<\/p>\n<h1>1<\/h1>\n<h5>Objetivo primario:<br \/> Satisfacer al cliente.<\/h5>\n<p>[\/et_pb_text][\/et_pb_column][et_pb_column type=&#8221;1_4&#8243; _builder_version=&#8221;3.25&#8243; custom_padding=&#8221;|||&#8221; custom_padding__hover=&#8221;|||&#8221;][et_pb_text _builder_version=&#8221;3.27.4&#8243; text_font=&#8221;|700|||||||&#8221; text_text_color=&#8221;#891333&#8243; header_font=&#8221;Prompt|700|||||||&#8221; header_text_align=&#8221;center&#8221; header_text_color=&#8221;#891333&#8243; header_font_size=&#8221;36px&#8221; header_4_font=&#8221;|700|||||||&#8221; header_5_font=&#8221;|700|||||||&#8221; header_5_text_color=&#8221;#891333&#8243; text_orientation=&#8221;center&#8221; border_width_top=&#8221;2px&#8221; border_color_top=&#8221;#891333&#8243; border_width_bottom=&#8221;2px&#8221; border_color_bottom=&#8221;#891333&#8243;]<\/p>\n<h1>7&#215;24<\/h1>\n<h5>Mantenimiento preventivo y correctivo<\/h5>\n<p>[\/et_pb_text][\/et_pb_column][et_pb_column type=&#8221;1_4&#8243; _builder_version=&#8221;3.25&#8243; custom_padding=&#8221;|||&#8221; custom_padding__hover=&#8221;|||&#8221;][et_pb_text _builder_version=&#8221;3.27.4&#8243; text_font=&#8221;|700|||||||&#8221; text_text_color=&#8221;#125f9e&#8221; header_font=&#8221;Prompt|700|||||||&#8221; header_text_align=&#8221;center&#8221; header_text_color=&#8221;#125f9e&#8221; header_font_size=&#8221;34px&#8221; header_4_font=&#8221;|700|||||||&#8221; header_5_font=&#8221;|700|||||||&#8221; header_5_text_color=&#8221;#125f9e&#8221; text_orientation=&#8221;center&#8221; border_width_top=&#8221;2px&#8221; border_color_top=&#8221;#125f9e&#8221; border_width_bottom=&#8221;2px&#8221; border_color_bottom=&#8221;#125f9e&#8221;]<\/p>\n<h1>3G, 4G y LTE<\/h1>\n<h5>Sistemas Wireless<br \/> .<\/h5>\n<p>[\/et_pb_text][\/et_pb_column][\/et_pb_row][\/et_pb_section][et_pb_section fb_built=&#8221;1&#8243; _builder_version=&#8221;3.19.18&#8243; background_color=&#8221;#125f9e&#8221; global_module=&#8221;176&#8243; saved_tabs=&#8221;all&#8221;][et_pb_row column_structure=&#8221;1_5,1_5,1_5,1_5,1_5&#8243; use_custom_gutter=&#8221;on&#8221; gutter_width=&#8221;1&#8243; make_equal=&#8221;on&#8221; _builder_version=&#8221;3.25&#8243; width=&#8221;90%&#8221; max_width=&#8221;90%&#8221; use_custom_width=&#8221;on&#8221; width_unit=&#8221;off&#8221; custom_width_percent=&#8221;90%&#8221;][et_pb_column type=&#8221;1_5&#8243; _builder_version=&#8221;3.25&#8243; custom_padding=&#8221;|||&#8221; custom_padding__hover=&#8221;|||&#8221;][dsm_menu title=&#8221;NOSOTROS&#8221; menu_id=&#8221;3&#8243; menu_link_text_color=&#8221;#ffffff&#8221; list_style_type=&#8221;none&#8221; _builder_version=&#8221;3.21.1&#8243; header_font=&#8221;Prompt|200|||||||&#8221; menu_font=&#8221;||||||||&#8221; background_layout=&#8221;dark&#8221;][\/dsm_menu][\/et_pb_column][et_pb_column type=&#8221;1_5&#8243; _builder_version=&#8221;3.25&#8243; custom_padding=&#8221;|||&#8221; custom_padding__hover=&#8221;|||&#8221;][dsm_menu title=&#8221;INTERNET&#8221; menu_id=&#8221;4&#8243; menu_link_text_color=&#8221;#ffffff&#8221; list_style_type=&#8221;none&#8221; _builder_version=&#8221;3.21.1&#8243; header_font=&#8221;Prompt|200|||||||&#8221; menu_font=&#8221;||||||||&#8221; background_layout=&#8221;dark&#8221;][\/dsm_menu][\/et_pb_column][et_pb_column type=&#8221;1_5&#8243; _builder_version=&#8221;3.25&#8243; custom_padding=&#8221;|||&#8221; custom_padding__hover=&#8221;|||&#8221;][dsm_menu title=&#8221;SERVICIOS DE TELECOMUNICACIONES&#8221; menu_id=&#8221;5&#8243; menu_link_text_color=&#8221;#ffffff&#8221; list_style_type=&#8221;none&#8221; _builder_version=&#8221;3.21.1&#8243; header_font=&#8221;Prompt|200|||||||&#8221; menu_font=&#8221;||||||||&#8221; background_layout=&#8221;dark&#8221;][\/dsm_menu][\/et_pb_column][et_pb_column type=&#8221;1_5&#8243; _builder_version=&#8221;3.25&#8243; custom_padding=&#8221;|||&#8221; custom_padding__hover=&#8221;|||&#8221;][dsm_menu title=&#8221;HERRAMIENTAS&#8221; menu_id=&#8221;6&#8243; menu_link_text_color=&#8221;#ffffff&#8221; list_style_type=&#8221;none&#8221; _builder_version=&#8221;3.21.1&#8243; header_font=&#8221;Prompt|200|||||||&#8221; menu_font=&#8221;||||||||&#8221; background_layout=&#8221;dark&#8221;][\/dsm_menu][\/et_pb_column][et_pb_column type=&#8221;1_5&#8243; _builder_version=&#8221;3.25&#8243; custom_padding=&#8221;|||&#8221; custom_padding__hover=&#8221;|||&#8221;][dsm_menu title=&#8221;CONTACTOS&#8221; menu_id=&#8221;8&#8243; menu_link_text_color=&#8221;#ffffff&#8221; list_style_type=&#8221;none&#8221; _builder_version=&#8221;3.21.1&#8243; header_font=&#8221;Prompt|200|||||||&#8221; menu_font=&#8221;||||||||&#8221; background_layout=&#8221;dark&#8221;][\/dsm_menu][et_pb_image src=&#8221;http:\/\/www.telydata.ec\/wp-content\/uploads\/2019\/04\/arcotel_logo_bkg.png&#8221; align_tablet=&#8221;center&#8221; align_phone=&#8221;&#8221; align_last_edited=&#8221;on|desktop&#8221; _builder_version=&#8221;3.23&#8243; custom_margin=&#8221;||10px&#8221;][\/et_pb_image][et_pb_text _builder_version=&#8221;3.27.4&#8243; text_font=&#8221;||||||||&#8221; header_font=&#8221;||||||||&#8221; header_5_font=&#8221;Prompt|200|||||||&#8221; header_5_font_size=&#8221;14px&#8221; background_layout=&#8221;dark&#8221; custom_margin=&#8221;||10px&#8221; link_option_url=&#8221;\/wp-content\/uploads\/2019\/04\/Reglamento_norma_sva.pdf&#8221; link_option_url_new_window=&#8221;on&#8221;]<\/p>\n<h5>> Reglamento de normas SVA<\/h5>\n<p>[\/et_pb_text][et_pb_text _builder_version=&#8221;3.27.4&#8243; text_font=&#8221;||||||||&#8221; header_font=&#8221;||||||||&#8221; header_5_font=&#8221;Prompt|200|||||||&#8221; header_5_font_size=&#8221;14px&#8221; background_layout=&#8221;dark&#8221; custom_margin=&#8221;||10px&#8221; link_option_url=&#8221;\/wp-content\/uploads\/2019\/04\/Reglamento_abonados.pdf&#8221; link_option_url_new_window=&#8221;on&#8221;]<\/p>\n<h5>&gt; Reglamento de Abonados<\/h5>\n<p>[\/et_pb_text][et_pb_text _builder_version=&#8221;3.27.4&#8243; text_font=&#8221;||||||||&#8221; header_font=&#8221;||||||||&#8221; header_5_font=&#8221;Prompt|200|||||||&#8221; header_5_font_size=&#8221;14px&#8221; background_layout=&#8221;dark&#8221; custom_margin=&#8221;||10px&#8221; link_option_url=&#8221;\/wp-content\/uploads\/2019\/04\/Ley-Org\u00e1nica-de-Telecomunicaciones.pdf&#8221; link_option_url_new_window=&#8221;on&#8221;]<\/p>\n<h5>&gt; Ley de Telecomunicaciones<\/h5>\n<p>[\/et_pb_text][et_pb_text _builder_version=&#8221;4.9.4&#8243; text_font=&#8221;||||||||&#8221; header_font=&#8221;||||||||&#8221; header_5_font=&#8221;Prompt|200|||||||&#8221; header_5_font_size=&#8221;14px&#8221; background_layout=&#8221;dark&#8221; custom_margin=&#8221;||10px&#8221; link_option_url=&#8221;http:\/\/www.telydata.ec\/GuiaControlParental.pdf&#8221; link_option_url_new_window=&#8221;on&#8221;]<\/p>\n<h5>&gt; Gu\u00eda de Control Parental<\/h5>\n<p>[\/et_pb_text][\/et_pb_column][\/et_pb_row][\/et_pb_section][et_pb_section fb_built=&#8221;1&#8243; _builder_version=&#8221;3.19.18&#8243; background_color=&#8221;#125f9e&#8221; custom_padding=&#8221;0|0px|0|0px|false|false&#8221; border_width_top=&#8221;8px&#8221; border_color_top=&#8221;#ffffff&#8221; global_module=&#8221;178&#8243; saved_tabs=&#8221;all&#8221;][et_pb_row column_structure=&#8221;3_5,1_5,1_5&#8243; use_custom_gutter=&#8221;on&#8221; gutter_width=&#8221;1&#8243; _builder_version=&#8221;3.25&#8243;][et_pb_column type=&#8221;3_5&#8243; _builder_version=&#8221;3.25&#8243; custom_padding=&#8221;|||&#8221; custom_padding__hover=&#8221;|||&#8221;][et_pb_blurb use_icon=&#8221;on&#8221; font_icon=&#8221;%%236%%&#8221; icon_color=&#8221;#ffffff&#8221; icon_placement=&#8221;left&#8221; use_icon_font_size=&#8221;on&#8221; icon_font_size=&#8221;32px&#8221; _builder_version=&#8221;3.19.18&#8243; background_layout=&#8221;dark&#8221;]<\/p>\n<p><span class=\"fontstyle0\">Jos\u00e9 Arizaga E3-37 y Jorge Drom. Edificio Aristo Plaza. Piso 5, Oficina 51<br \/>Quito.<br \/><\/span><span class=\"fontstyle0\">Samanes 6, Manzana 944, Casa 34<br \/>Guayaquil, Ecuador<\/span> <\/p>\n<p>[\/et_pb_blurb][et_pb_blurb use_icon=&#8221;on&#8221; font_icon=&#8221;%%264%%&#8221; icon_color=&#8221;#ffffff&#8221; icon_placement=&#8221;left&#8221; use_icon_font_size=&#8221;on&#8221; icon_font_size=&#8221;32px&#8221; _builder_version=&#8221;4.9.4&#8243; background_layout=&#8221;dark&#8221;]<\/p>\n<p><audio class=\"audio-for-speech\"><\/audio><\/p>\n<div class=\"translate-tooltip-mtz translator-hidden\">\n<div class=\"header\">\n<div class=\"header-controls\">Translator<\/div>\n<div class=\"header-controls\"><span class=\"support\"><\/span><\/div>\n<div class=\"header-controls\"><span class=\"settings\"><\/span><\/div>\n<\/div>\n<div class=\"translated-text\">\n<div class=\"words\"><\/div>\n<div class=\"sentences\"><\/div>\n<\/div>\n<\/div>\n<p><span class=\"translate-button-mtz translator-hidden\"><\/span><\/p>\n<p><audio class=\"audio-for-speech\"><\/audio><\/p>\n<div class=\"translate-tooltip-mtz translator-hidden\">\n<div class=\"header\">\n<div class=\"header-controls\">Translator<\/div>\n<div class=\"header-controls\"><span class=\"support\"><\/span><\/div>\n<div class=\"header-controls\"><span class=\"settings\"><\/span><\/div>\n<\/div>\n<div class=\"translated-text\">\n<div class=\"words\"><\/div>\n<div class=\"sentences\"><\/div>\n<\/div>\n<\/div>\n<p><span class=\"translate-button-mtz translator-hidden\"><\/span><\/p>\n<p><span class=\"fontstyle0\">(593) 2 2456768 &#8211; (593) 95 8901046<br \/><\/span><\/p>\n<p>[\/et_pb_blurb][\/et_pb_column][et_pb_column type=&#8221;1_5&#8243; _builder_version=&#8221;3.25&#8243; custom_padding=&#8221;|||&#8221; custom_padding__hover=&#8221;|||&#8221;][et_pb_text _builder_version=&#8221;3.27.4&#8243; text_font=&#8221;||||||||&#8221; background_layout=&#8221;dark&#8221; custom_margin=&#8221;3em||1em&#8221; link_option_url=&#8221;\/terminos-y-condiciones\/&#8221;]<\/p>\n<h5>T\u00e9rminos de uso<\/h5>\n<p>[\/et_pb_text][\/et_pb_column][et_pb_column type=&#8221;1_5&#8243; _builder_version=&#8221;3.25&#8243; custom_padding=&#8221;|||&#8221; custom_padding__hover=&#8221;|||&#8221;][et_pb_text _builder_version=&#8221;3.27.4&#8243; text_font=&#8221;||||||||&#8221; background_layout=&#8221;dark&#8221; custom_margin=&#8221;3em||1em&#8221; link_option_url=&#8221;\/politica-de-privacidad\/&#8221;]<\/p>\n<h5>Pol\u00edtica de privacidad<\/h5>\n<p>[\/et_pb_text][et_pb_blurb title=&#8221;Webmail&#8221; use_icon=&#8221;on&#8221; font_icon=&#8221;%%238%%&#8221; icon_color=&#8221;#ffffff&#8221; icon_placement=&#8221;left&#8221; use_icon_font_size=&#8221;on&#8221; icon_font_size=&#8221;24px&#8221; _builder_version=&#8221;4.9.4&#8243; header_font=&#8221;Nunito|700|||||||&#8221; header_text_color=&#8221;#ffffff&#8221; header_line_height=&#8221;1.3em&#8221; custom_margin=&#8221;25px||&#8221; link_option_url=&#8221;mx1.telydata.net&#8221; hover_enabled=&#8221;0&#8243; sticky_enabled=&#8221;0&#8243;][\/et_pb_blurb][\/et_pb_column][\/et_pb_row][\/et_pb_section]<\/p>\n","protected":false},"excerpt":{"rendered":"<p>[et_pb_section fb_built=&#8221;1&#8243; fullwidth=&#8221;on&#8221; _builder_version=&#8221;3.22.3&#8243; background_position=&#8221;top_center&#8221;][et_pb_fullwidth_slider show_pagination=&#8221;off&#8221; module_class=&#8221;top_slide&#8221; _builder_version=&#8221;3.22.5&#8243; header_font=&#8221;||||||||&#8221; body_font=&#8221;||||||||&#8221; custom_button=&#8221;on&#8221; button_text_color=&#8221;#891333&#8243; button_bg_color=&#8221;rgba(255,255,255,0.9)&#8221; button_font=&#8221;|700|||||||&#8221; auto=&#8221;on&#8221; auto_ignore_hover=&#8221;on&#8221;][et_pb_slide heading=&#8221;\u00bfQui\u00e9nes Somos?&#8221; button_text=&#8221;Ver m\u00e1s&#8221; use_bg_overlay=&#8221;on&#8221; use_text_overlay=&#8221;on&#8221; text_overlay_color=&#8221;rgba(137,19,51,0.8)&#8221; _builder_version=&#8221;3.22.5&#8243; header_font=&#8221;Prompt|200|||||||solid&#8221; header_font_size=&#8221;30px&#8221; header_letter_spacing=&#8221;1px&#8221; body_font=&#8221;Prompt|100|||||||&#8221; body_text_color=&#8221;#efefef&#8221; body_font_size=&#8221;18px&#8221; background_color=&#8221;rgba(255,255,255,0)&#8221; background_image=&#8221;http:\/\/www.telydata.ec\/wp-content\/uploads\/2019\/05\/rj45.jpg&#8221; parallax=&#8221;on&#8221; parallax_method=&#8221;off&#8221; custom_css_slide_title=&#8221;border-bottom:1px solid;||max-width:60%;||margin: 0px auto 10px auto;||&#8221; sticky_transition=&#8221;on&#8221;] Somos una compa\u00f1\u00eda ecuatoriana, reconocida en el sector de las telecomunicaciones con\u00a0m\u00e1s de 20 [&hellip;]<\/p>\n","protected":false},"author":1,"featured_media":0,"parent":0,"menu_order":0,"comment_status":"closed","ping_status":"closed","template":"","meta":{"_et_pb_use_builder":"on","_et_pb_old_content":"<!-- wp:paragraph -->\n<p>This is an example page. It's different from a blog post because it will stay in one place and will show up in your site navigation (in most themes). Most people start with an About page that introduces them to potential site visitors. It might say something like this:<\/p>\n<!-- \/wp:paragraph -->\n\n<!-- wp:quote -->\n<blockquote class=\"wp-block-quote\"><p>Hi there! I'm a bike messenger by day, aspiring actor by night, and this is my website. I live in Los Angeles, have a great dog named Jack, and I like pi&#241;a coladas. (And gettin' caught in the rain.)<\/p><\/blockquote>\n<!-- \/wp:quote -->\n\n<!-- wp:paragraph -->\n<p>...or something like this:<\/p>\n<!-- \/wp:paragraph -->\n\n<!-- wp:quote -->\n<blockquote class=\"wp-block-quote\"><p>The XYZ Doohickey Company was founded in 1971, and has been providing quality doohickeys to the public ever since. Located in Gotham City, XYZ employs over 2,000 people and does all kinds of awesome things for the Gotham community.<\/p><\/blockquote>\n<!-- \/wp:quote -->\n\n<!-- wp:paragraph -->\n<p>As a new WordPress user, you should go to <a href=\"http:\/\/www.telydata.ec\/wp-admin\/\">your dashboard<\/a> to delete this page and create new pages for your content. Have fun!<\/p>\n<!-- \/wp:paragraph -->","_et_gb_content_width":""},"_links":{"self":[{"href":"http:\/\/www.telydata.ec\/index.php?rest_route=\/wp\/v2\/pages\/2"}],"collection":[{"href":"http:\/\/www.telydata.ec\/index.php?rest_route=\/wp\/v2\/pages"}],"about":[{"href":"http:\/\/www.telydata.ec\/index.php?rest_route=\/wp\/v2\/types\/page"}],"author":[{"embeddable":true,"href":"http:\/\/www.telydata.ec\/index.php?rest_route=\/wp\/v2\/users\/1"}],"replies":[{"embeddable":true,"href":"http:\/\/www.telydata.ec\/index.php?rest_route=%2Fwp%2Fv2%2Fcomments&post=2"}],"version-history":[{"count":38,"href":"http:\/\/www.telydata.ec\/index.php?rest_route=\/wp\/v2\/pages\/2\/revisions"}],"predecessor-version":[{"id":579,"href":"http:\/\/www.telydata.ec\/index.php?rest_route=\/wp\/v2\/pages\/2\/revisions\/579"}],"wp:attachment":[{"href":"http:\/\/www.telydata.ec\/index.php?rest_route=%2Fwp%2Fv2%2Fmedia&parent=2"}],"curies":[{"name":"wp","href":"https:\/\/api.w.org\/{rel}","templated":true}]}}